{"id":5457,"date":"2025-10-04T22:13:04","date_gmt":"2025-10-04T19:13:04","guid":{"rendered":"https:\/\/yurtdisiegitimdanismanligi.tr\/?page_id=5457"},"modified":"2025-10-07T00:27:08","modified_gmt":"2025-10-06T21:27:08","slug":"yurtdisi-yaz-okulu","status":"publish","type":"page","link":"https:\/\/yurtdisiegitimdanismanligi.tr\/index.php\/yurtdisi-yaz-okulu\/","title":{"rendered":"Yurtd\u0131\u015f\u0131 Yaz Okulu"},"content":{"rendered":"\t\t<div data-elementor-type=\"wp-page\" data-elementor-id=\"5457\" class=\"elementor elementor-5457\">\n\t\t\t\t\t\t<section class=\"elementor-section elementor-top-section elementor-element elementor-element-610f7335 ot-traditional elementor-section-boxed elementor-section-height-default elementor-section-height-default\" data-id=\"610f7335\" data-element_type=\"section\" data-e-type=\"section\">\n\t\t\t\t\t\t<div class=\"elementor-container elementor-column-gap-no\">\n\t\t\t\t\t<div class=\"elementor-column elementor-col-50 elementor-top-column elementor-element elementor-element-e79fdcf ot-flex-column-vertical\" data-id=\"e79fdcf\" data-element_type=\"column\" data-e-type=\"column\">\n\t\t\t<div class=\"elementor-widget-wrap elementor-element-populated\">\n\t\t\t\t\t\t<div class=\"elementor-element elementor-element-f17b850 elementor-widget elementor-widget-image\" data-id=\"f17b850\" data-element_type=\"widget\" data-e-type=\"widget\" data-widget_type=\"image.default\">\n\t\t\t\t\t\t\t\t\t\t\t\t\t\t\t<img fetchpriority=\"high\" decoding=\"async\" width=\"1024\" height=\"302\" src=\"https:\/\/yurtdisiegitimdanismanligi.tr\/wp-content\/uploads\/2025\/10\/yurtdisi-yaz-okulu-1024x302.jpg\" class=\"attachment-large size-large wp-image-5472\" alt=\"\" srcset=\"https:\/\/yurtdisiegitimdanismanligi.tr\/wp-content\/uploads\/2025\/10\/yurtdisi-yaz-okulu-1024x302.jpg 1024w, https:\/\/yurtdisiegitimdanismanligi.tr\/wp-content\/uploads\/2025\/10\/yurtdisi-yaz-okulu-300x89.jpg 300w, https:\/\/yurtdisiegitimdanismanligi.tr\/wp-content\/uploads\/2025\/10\/yurtdisi-yaz-okulu-768x227.jpg 768w, https:\/\/yurtdisiegitimdanismanligi.tr\/wp-content\/uploads\/2025\/10\/yurtdisi-yaz-okulu-720x212.jpg 720w, https:\/\/yurtdisiegitimdanismanligi.tr\/wp-content\/uploads\/2025\/10\/yurtdisi-yaz-okulu.jpg 1200w\" sizes=\"(max-width: 1024px) 100vw, 1024px\" \/>\t\t\t\t\t\t\t\t\t\t\t\t\t\t\t<\/div>\n\t\t\t\t<div class=\"elementor-element elementor-element-2ee5bce6 elementor-widget elementor-widget-text-editor\" data-id=\"2ee5bce6\" data-element_type=\"widget\" data-e-type=\"widget\" data-widget_type=\"text-editor.default\">\n\t\t\t\t\t\t\t\t\t<h5>KLC Education Co. Ltd. ile Yurtd\u0131\u015f\u0131 Yaz Okulu Deneyimi<\/h5>\n<p data-start=\"405\" data-end=\"757\">KLC Education Co. Ltd. olarak \u00f6\u011frencilerimize <strong data-start=\"451\" data-end=\"507\">d\u00fcnya standartlar\u0131nda yurtd\u0131\u015f\u0131 yaz okulu programlar\u0131<\/strong> sunuyoruz. \u0130talya, \u0130spanya, \u0130ngiltere, Almanya, Kanada, ABD ve Avrupa\u2019n\u0131n bir\u00e7ok \u00fclkesinde d\u00fczenlenen bu programlarla \u00f6\u011frenciler; yabanc\u0131 dil becerilerini geli\u015ftirirken farkl\u0131 k\u00fclt\u00fcrleri tan\u0131ma, \u00f6zg\u00fcven kazanma ve uluslararas\u0131 arkada\u015fl\u0131klar kurma f\u0131rsat\u0131 bulurlar.<\/p>\n<p data-start=\"759\" data-end=\"961\">Yurtd\u0131\u015f\u0131 yaz okulu deneyimi yaln\u0131zca bir dil e\u011fitimi de\u011fil, ayn\u0131 zamanda \u00f6\u011frencilerin vizyonlar\u0131n\u0131 geni\u015fleten, ba\u011f\u0131ms\u0131z ya\u015fam becerilerini geli\u015ftiren ve global d\u00fcnyaya haz\u0131rlayan bir e\u011fitim s\u00fcrecidir.<\/p>\n<hr data-start=\"963\" data-end=\"966\">\n<h5>Neden KLC Education ile Yurtd\u0131\u015f\u0131 Yaz Okulu?<\/h5>\n<ul data-start=\"1022\" data-end=\"1507\">\n<li data-start=\"1022\" data-end=\"1134\">\n<p data-start=\"1024\" data-end=\"1134\"><strong data-start=\"1024\" data-end=\"1068\">British Council sertifikal\u0131 dan\u0131\u015fmanl\u0131k:<\/strong> G\u00fcvenilir ve resmi akreditasyona sahip profesyonel y\u00f6nlendirme.<\/p>\n<\/li>\n<li data-start=\"1135\" data-end=\"1245\">\n<p data-start=\"1137\" data-end=\"1245\"><strong data-start=\"1137\" data-end=\"1168\">Ki\u015fiye \u00f6zel program se\u00e7imi:<\/strong> \u00d6\u011frencinin ya\u015f\u0131na, hedeflerine ve ilgi alan\u0131na uygun yaz okulu planlamas\u0131.<\/p>\n<\/li>\n<li data-start=\"1246\" data-end=\"1378\">\n<p data-start=\"1248\" data-end=\"1378\"><strong data-start=\"1248\" data-end=\"1280\">Tam destekli s\u00fcre\u00e7 y\u00f6netimi:<\/strong> Kay\u0131t, vize, konaklama, ula\u015f\u0131m ve veli bilgilendirmesi dahil her a\u015famada profesyonel rehberlik.<\/p>\n<\/li>\n<li data-start=\"1379\" data-end=\"1507\">\n<p data-start=\"1381\" data-end=\"1507\"><strong data-start=\"1381\" data-end=\"1411\">E\u011fitim + K\u00fclt\u00fcr + E\u011flence:<\/strong> Derslerin yan\u0131nda geziler, at\u00f6lyeler ve sosyal etkinliklerle dolu unutulmaz bir yaz deneyimi.<\/p>\n<\/li>\n<\/ul>\n<hr data-start=\"1509\" data-end=\"1512\">\n<h5>Pop\u00fcler Yurtd\u0131\u015f\u0131 Yaz Okulu Destinasyonlar\u0131m\u0131z<\/h5>\n<ul data-start=\"1570\" data-end=\"1779\">\n<li data-start=\"1570\" data-end=\"1627\">\n<p data-start=\"1572\" data-end=\"1627\"><strong data-start=\"1572\" data-end=\"1599\">\u0130ngiltere Yaz Okullar\u0131:<\/strong> Oxford, Cambridge, Londra<\/p>\n<\/li>\n<li data-start=\"1628\" data-end=\"1671\">\n<p data-start=\"1630\" data-end=\"1671\"><strong data-start=\"1630\" data-end=\"1655\">Almanya Yaz Okullar\u0131:<\/strong> Berlin, M\u00fcnih<\/p>\n<\/li>\n<li data-start=\"1672\" data-end=\"1731\">\n<p data-start=\"1674\" data-end=\"1731\"><strong data-start=\"1674\" data-end=\"1699\">Amerika Yaz Okullar\u0131:<\/strong> New York, Boston, Los Angeles<\/p>\n<\/li>\n<li data-start=\"1732\" data-end=\"1779\">\n<p data-start=\"1734\" data-end=\"1779\"><strong data-start=\"1734\" data-end=\"1758\">Kanada Yaz Okullar\u0131:<\/strong> Toronto, Vancouver<\/p>\n<\/li>\n<\/ul>\n<p data-start=\"1781\" data-end=\"1871\">Her program, \u00f6\u011frencilerin ya\u015f gruplar\u0131na ve dil seviyelerine g\u00f6re \u00f6zel olarak planlan\u0131r.<\/p>\n<hr data-start=\"1873\" data-end=\"1876\">\n<h5>Gelece\u011fe Bir Ad\u0131m \u00d6nde Ba\u015flay\u0131n<\/h5>\n<p data-start=\"1920\" data-end=\"2177\">KLC Education Co. Ltd. olarak hedefimiz, her \u00f6\u011frencinin potansiyelini en iyi \u015fekilde ortaya \u00e7\u0131karmak ve onlar\u0131 global bir gelece\u011fe haz\u0131rlamakt\u0131r. Yurtd\u0131\u015f\u0131 yaz okulu programlar\u0131m\u0131zla \u00f6\u011frencilerimizin hem akademik hem ki\u015fisel geli\u015fimlerine katk\u0131 sa\u011fl\u0131yoruz.<\/p>\n<p data-start=\"2179\" data-end=\"2344\"><strong data-start=\"2179\" data-end=\"2342\">Siz de \u00e7ocu\u011funuzun unutulmaz bir yaz deneyimi ya\u015famas\u0131n\u0131 istiyorsan\u0131z, bizimle ileti\u015fime ge\u00e7in ve en uygun yurtd\u0131\u015f\u0131 yaz okulu program\u0131n\u0131 birlikte belirleyelim.<\/strong><\/p>\t\t\t\t\t\t\t\t<\/div>\n\t\t\t\t\t<\/div>\n\t\t<\/div>\n\t\t\t\t<div class=\"elementor-column elementor-col-50 elementor-top-column elementor-element elementor-element-3065040b ot-flex-column-vertical\" data-id=\"3065040b\" data-element_type=\"column\" data-e-type=\"column\">\n\t\t\t<div class=\"elementor-widget-wrap elementor-element-populated\">\n\t\t\t\t\t\t<section class=\"elementor-section elementor-inner-section elementor-element elementor-element-481d0444 ot-traditional elementor-section-boxed elementor-section-height-default elementor-section-height-default\" data-id=\"481d0444\" data-element_type=\"section\" data-e-type=\"section\">\n\t\t\t\t\t\t<div class=\"elementor-container elementor-column-gap-extended\">\n\t\t\t\t\t<div class=\"elementor-column elementor-col-100 elementor-inner-column elementor-element elementor-element-7b44b3fa ot-flex-column-vertical\" data-id=\"7b44b3fa\" data-element_type=\"column\" data-e-type=\"column\">\n\t\t\t<div class=\"elementor-widget-wrap elementor-element-populated\">\n\t\t\t\t\t\t<div class=\"elementor-element elementor-element-43f5e7c4 elementor-widget elementor-widget-heading\" data-id=\"43f5e7c4\" data-element_type=\"widget\" data-e-type=\"widget\" data-widget_type=\"heading.default\">\n\t\t\t\t\t<h5 class=\"elementor-heading-title elementor-size-default\">Programlar<\/h5>\t\t\t\t<\/div>\n\t\t\t\t<div class=\"elementor-element elementor-element-3a8f0846 career-link elementor-icon-list--layout-traditional elementor-list-item-link-full_width elementor-widget elementor-widget-icon-list\" data-id=\"3a8f0846\" data-element_type=\"widget\" data-e-type=\"widget\" data-widget_type=\"icon-list.default\">\n\t\t\t\t\t\t\t<ul class=\"elementor-icon-list-items\">\n\t\t\t\t\t\t\t<li class=\"elementor-icon-list-item\">\n\t\t\t\t\t\t\t\t\t\t\t<a href=\"https:\/\/yurtdisiegitimdanismanligi.tr\/index.php\/yurtdisi-universiteler\/\">\n\n\t\t\t\t\t\t\t\t\t\t\t<span class=\"elementor-icon-list-text\">Yurtd\u0131\u015f\u0131 \u00dcniversiteler<\/span>\n\t\t\t\t\t\t\t\t\t\t\t<\/a>\n\t\t\t\t\t\t\t\t\t<\/li>\n\t\t\t\t\t\t\t\t<li class=\"elementor-icon-list-item\">\n\t\t\t\t\t\t\t\t\t\t\t<a href=\"https:\/\/yurtdisiegitimdanismanligi.tr\/index.php\/yurtdisi-dil-okullari\">\n\n\t\t\t\t\t\t\t\t\t\t\t<span class=\"elementor-icon-list-text\">Yurtd\u0131\u015f\u0131 Dil Okullar\u0131<\/span>\n\t\t\t\t\t\t\t\t\t\t\t<\/a>\n\t\t\t\t\t\t\t\t\t<\/li>\n\t\t\t\t\t\t\t\t<li class=\"elementor-icon-list-item\">\n\t\t\t\t\t\t\t\t\t\t\t<a href=\"https:\/\/yurtdisiegitimdanismanligi.tr\/index.php\/yurtdisi-yatili-lise\">\n\n\t\t\t\t\t\t\t\t\t\t\t<span class=\"elementor-icon-list-text\">Yurtd\u0131\u015f\u0131 Yat\u0131l\u0131 Lise<\/span>\n\t\t\t\t\t\t\t\t\t\t\t<\/a>\n\t\t\t\t\t\t\t\t\t<\/li>\n\t\t\t\t\t\t\t\t<li class=\"elementor-icon-list-item\">\n\t\t\t\t\t\t\t\t\t\t\t<a href=\"https:\/\/yurtdisiegitimdanismanligi.tr\/index.php\/yurtdisi-yaz-okulu\">\n\n\t\t\t\t\t\t\t\t\t\t\t<span class=\"elementor-icon-list-text\">Yurtd\u0131\u015f\u0131 Yaz Okulu<\/span>\n\t\t\t\t\t\t\t\t\t\t\t<\/a>\n\t\t\t\t\t\t\t\t\t<\/li>\n\t\t\t\t\t\t<\/ul>\n\t\t\t\t\t\t<\/div>\n\t\t\t\t<div class=\"elementor-element elementor-element-5bc62d8e elementor-widget elementor-widget-image\" data-id=\"5bc62d8e\" data-element_type=\"widget\" data-e-type=\"widget\" data-widget_type=\"image.default\">\n\t\t\t\t\t\t\t\t\t\t\t\t\t\t\t<img decoding=\"async\" src=\"https:\/\/engitech.s3.us-east-1.amazonaws.com\/images\/Engitech_banner_Blog_Listing.jpg\" title=\"\" alt=\"\" loading=\"lazy\" \/>\t\t\t\t\t\t\t\t\t\t\t\t\t\t\t<\/div>\n\t\t\t\t\t<\/div>\n\t\t<\/div>\n\t\t\t\t\t<\/div>\n\t\t<\/section>\n\t\t\t\t\t<\/div>\n\t\t<\/div>\n\t\t\t\t\t<\/div>\n\t\t<\/section>\n\t\t\t\t<\/div>\n\t\t","protected":false},"excerpt":{"rendered":"<p>KLC Education Co. Ltd. ile Yurtd\u0131\u015f\u0131 Yaz Okulu Deneyimi KLC Education Co. Ltd. olarak \u00f6\u011frencilerimize d\u00fcnya standartlar\u0131nda yurtd\u0131\u015f\u0131 yaz okulu programlar\u0131 sunuyoruz. \u0130talya, \u0130spanya, \u0130ngiltere, Almanya, Kanada, ABD ve Avrupa\u2019n\u0131n bir\u00e7ok \u00fclkesinde d\u00fczenlenen bu programlarla \u00f6\u011frenciler; yabanc\u0131 dil becerilerini geli\u015ftirirken farkl\u0131 k\u00fclt\u00fcrleri tan\u0131ma, \u00f6zg\u00fcven kazanma ve uluslararas\u0131 arkada\u015fl\u0131klar kurma f\u0131rsat\u0131 bulurlar. Yurtd\u0131\u015f\u0131 yaz okulu deneyimi [&hellip;]<\/p>\n","protected":false},"author":1,"featured_media":0,"parent":0,"menu_order":0,"comment_status":"closed","ping_status":"closed","template":"","meta":{"footnotes":""},"class_list":["post-5457","page","type-page","status-publish","hentry"],"yoast_head":"<!-- This site is optimized with the Yoast SEO plugin v27.3 - https:\/\/yoast.com\/product\/yoast-seo-wordpress\/ -->\n<title>Yurtd\u0131\u015f\u0131 Yaz Okulu - Yurtd\u0131\u015f\u0131 E\u011fitim Dan\u0131\u015fmanl\u0131\u011f\u0131<\/title>\n<meta name=\"robots\" content=\"index, follow, max-snippet:-1, max-image-preview:large, max-video-preview:-1\" \/>\n<link rel=\"canonical\" href=\"https:\/\/yurtdisiegitimdanismanligi.tr\/index.php\/yurtdisi-yaz-okulu\/\" \/>\n<meta property=\"og:locale\" content=\"tr_TR\" \/>\n<meta property=\"og:type\" content=\"article\" \/>\n<meta property=\"og:title\" content=\"Yurtd\u0131\u015f\u0131 Yaz Okulu - Yurtd\u0131\u015f\u0131 E\u011fitim Dan\u0131\u015fmanl\u0131\u011f\u0131\" \/>\n<meta property=\"og:description\" content=\"KLC Education Co. Ltd. ile Yurtd\u0131\u015f\u0131 Yaz Okulu Deneyimi KLC Education Co. Ltd. olarak \u00f6\u011frencilerimize d\u00fcnya standartlar\u0131nda yurtd\u0131\u015f\u0131 yaz okulu programlar\u0131 sunuyoruz. \u0130talya, \u0130spanya, \u0130ngiltere, Almanya, Kanada, ABD ve Avrupa\u2019n\u0131n bir\u00e7ok \u00fclkesinde d\u00fczenlenen bu programlarla \u00f6\u011frenciler; yabanc\u0131 dil becerilerini geli\u015ftirirken farkl\u0131 k\u00fclt\u00fcrleri tan\u0131ma, \u00f6zg\u00fcven kazanma ve uluslararas\u0131 arkada\u015fl\u0131klar kurma f\u0131rsat\u0131 bulurlar. Yurtd\u0131\u015f\u0131 yaz okulu deneyimi [&hellip;]\" \/>\n<meta property=\"og:url\" content=\"https:\/\/yurtdisiegitimdanismanligi.tr\/index.php\/yurtdisi-yaz-okulu\/\" \/>\n<meta property=\"og:site_name\" content=\"Yurtd\u0131\u015f\u0131 E\u011fitim Dan\u0131\u015fmanl\u0131\u011f\u0131\" \/>\n<meta property=\"article:publisher\" content=\"https:\/\/www.instagram.com\/klccenter\" \/>\n<meta property=\"article:modified_time\" content=\"2025-10-06T21:27:08+00:00\" \/>\n<meta property=\"og:image\" content=\"http:\/\/yurtdisiegitimdanismanligi.tr\/wp-content\/uploads\/2025\/10\/yurtdisi-yaz-okulu-1024x302.jpg\" \/>\n<meta name=\"twitter:card\" content=\"summary_large_image\" \/>\n<meta name=\"twitter:label1\" content=\"Tahmini okuma s\u00fcresi\" \/>\n\t<meta name=\"twitter:data1\" content=\"2 dakika\" \/>\n<script type=\"application\/ld+json\" class=\"yoast-schema-graph\">{\"@context\":\"https:\\\/\\\/schema.org\",\"@graph\":[{\"@type\":\"WebPage\",\"@id\":\"https:\\\/\\\/yurtdisiegitimdanismanligi.tr\\\/index.php\\\/yurtdisi-yaz-okulu\\\/\",\"url\":\"https:\\\/\\\/yurtdisiegitimdanismanligi.tr\\\/index.php\\\/yurtdisi-yaz-okulu\\\/\",\"name\":\"Yurtd\u0131\u015f\u0131 Yaz Okulu - Yurtd\u0131\u015f\u0131 E\u011fitim Dan\u0131\u015fmanl\u0131\u011f\u0131\",\"isPartOf\":{\"@id\":\"https:\\\/\\\/yurtdisiegitimdanismanligi.tr\\\/#website\"},\"primaryImageOfPage\":{\"@id\":\"https:\\\/\\\/yurtdisiegitimdanismanligi.tr\\\/index.php\\\/yurtdisi-yaz-okulu\\\/#primaryimage\"},\"image\":{\"@id\":\"https:\\\/\\\/yurtdisiegitimdanismanligi.tr\\\/index.php\\\/yurtdisi-yaz-okulu\\\/#primaryimage\"},\"thumbnailUrl\":\"http:\\\/\\\/yurtdisiegitimdanismanligi.tr\\\/wp-content\\\/uploads\\\/2025\\\/10\\\/yurtdisi-yaz-okulu-1024x302.jpg\",\"datePublished\":\"2025-10-04T19:13:04+00:00\",\"dateModified\":\"2025-10-06T21:27:08+00:00\",\"breadcrumb\":{\"@id\":\"https:\\\/\\\/yurtdisiegitimdanismanligi.tr\\\/index.php\\\/yurtdisi-yaz-okulu\\\/#breadcrumb\"},\"inLanguage\":\"tr\",\"potentialAction\":[{\"@type\":\"ReadAction\",\"target\":[\"https:\\\/\\\/yurtdisiegitimdanismanligi.tr\\\/index.php\\\/yurtdisi-yaz-okulu\\\/\"]}]},{\"@type\":\"ImageObject\",\"inLanguage\":\"tr\",\"@id\":\"https:\\\/\\\/yurtdisiegitimdanismanligi.tr\\\/index.php\\\/yurtdisi-yaz-okulu\\\/#primaryimage\",\"url\":\"https:\\\/\\\/yurtdisiegitimdanismanligi.tr\\\/wp-content\\\/uploads\\\/2025\\\/10\\\/yurtdisi-yaz-okulu.jpg\",\"contentUrl\":\"https:\\\/\\\/yurtdisiegitimdanismanligi.tr\\\/wp-content\\\/uploads\\\/2025\\\/10\\\/yurtdisi-yaz-okulu.jpg\",\"width\":1200,\"height\":354},{\"@type\":\"BreadcrumbList\",\"@id\":\"https:\\\/\\\/yurtdisiegitimdanismanligi.tr\\\/index.php\\\/yurtdisi-yaz-okulu\\\/#breadcrumb\",\"itemListElement\":[{\"@type\":\"ListItem\",\"position\":1,\"name\":\"Anasayfa\",\"item\":\"https:\\\/\\\/yurtdisiegitimdanismanligi.tr\\\/\"},{\"@type\":\"ListItem\",\"position\":2,\"name\":\"Yurtd\u0131\u015f\u0131 Yaz Okulu\"}]},{\"@type\":\"WebSite\",\"@id\":\"https:\\\/\\\/yurtdisiegitimdanismanligi.tr\\\/#website\",\"url\":\"https:\\\/\\\/yurtdisiegitimdanismanligi.tr\\\/\",\"name\":\"Yurtd\u0131\u015f\u0131 E\u011fitim Dan\u0131\u015fmanl\u0131\u011f\u0131\",\"description\":\"Yurtd\u0131\u015f\u0131 \u00dcniversite ve Lise \",\"publisher\":{\"@id\":\"https:\\\/\\\/yurtdisiegitimdanismanligi.tr\\\/#organization\"},\"potentialAction\":[{\"@type\":\"SearchAction\",\"target\":{\"@type\":\"EntryPoint\",\"urlTemplate\":\"https:\\\/\\\/yurtdisiegitimdanismanligi.tr\\\/?s={search_term_string}\"},\"query-input\":{\"@type\":\"PropertyValueSpecification\",\"valueRequired\":true,\"valueName\":\"search_term_string\"}}],\"inLanguage\":\"tr\"},{\"@type\":\"Organization\",\"@id\":\"https:\\\/\\\/yurtdisiegitimdanismanligi.tr\\\/#organization\",\"name\":\"Yurtd\u0131\u015f\u0131 E\u011fitim Dan\u0131\u015fmanl\u0131\u011f\u0131\",\"url\":\"https:\\\/\\\/yurtdisiegitimdanismanligi.tr\\\/\",\"logo\":{\"@type\":\"ImageObject\",\"inLanguage\":\"tr\",\"@id\":\"https:\\\/\\\/yurtdisiegitimdanismanligi.tr\\\/#\\\/schema\\\/logo\\\/image\\\/\",\"url\":\"http:\\\/\\\/yurtdisiegitimdanismanligi.tr\\\/wp-content\\\/uploads\\\/2020\\\/09\\\/logo-1.svg\",\"contentUrl\":\"http:\\\/\\\/yurtdisiegitimdanismanligi.tr\\\/wp-content\\\/uploads\\\/2020\\\/09\\\/logo-1.svg\",\"width\":143,\"height\":40,\"caption\":\"Yurtd\u0131\u015f\u0131 E\u011fitim Dan\u0131\u015fmanl\u0131\u011f\u0131\"},\"image\":{\"@id\":\"https:\\\/\\\/yurtdisiegitimdanismanligi.tr\\\/#\\\/schema\\\/logo\\\/image\\\/\"},\"sameAs\":[\"https:\\\/\\\/www.instagram.com\\\/klccenter\"]}]}<\/script>\n<!-- \/ Yoast SEO plugin. -->","yoast_head_json":{"title":"Yurtd\u0131\u015f\u0131 Yaz Okulu - Yurtd\u0131\u015f\u0131 E\u011fitim Dan\u0131\u015fmanl\u0131\u011f\u0131","robots":{"index":"index","follow":"follow","max-snippet":"max-snippet:-1","max-image-preview":"max-image-preview:large","max-video-preview":"max-video-preview:-1"},"canonical":"https:\/\/yurtdisiegitimdanismanligi.tr\/index.php\/yurtdisi-yaz-okulu\/","og_locale":"tr_TR","og_type":"article","og_title":"Yurtd\u0131\u015f\u0131 Yaz Okulu - Yurtd\u0131\u015f\u0131 E\u011fitim Dan\u0131\u015fmanl\u0131\u011f\u0131","og_description":"KLC Education Co. Ltd. ile Yurtd\u0131\u015f\u0131 Yaz Okulu Deneyimi KLC Education Co. Ltd. olarak \u00f6\u011frencilerimize d\u00fcnya standartlar\u0131nda yurtd\u0131\u015f\u0131 yaz okulu programlar\u0131 sunuyoruz. \u0130talya, \u0130spanya, \u0130ngiltere, Almanya, Kanada, ABD ve Avrupa\u2019n\u0131n bir\u00e7ok \u00fclkesinde d\u00fczenlenen bu programlarla \u00f6\u011frenciler; yabanc\u0131 dil becerilerini geli\u015ftirirken farkl\u0131 k\u00fclt\u00fcrleri tan\u0131ma, \u00f6zg\u00fcven kazanma ve uluslararas\u0131 arkada\u015fl\u0131klar kurma f\u0131rsat\u0131 bulurlar. Yurtd\u0131\u015f\u0131 yaz okulu deneyimi [&hellip;]","og_url":"https:\/\/yurtdisiegitimdanismanligi.tr\/index.php\/yurtdisi-yaz-okulu\/","og_site_name":"Yurtd\u0131\u015f\u0131 E\u011fitim Dan\u0131\u015fmanl\u0131\u011f\u0131","article_publisher":"https:\/\/www.instagram.com\/klccenter","article_modified_time":"2025-10-06T21:27:08+00:00","og_image":[{"url":"http:\/\/yurtdisiegitimdanismanligi.tr\/wp-content\/uploads\/2025\/10\/yurtdisi-yaz-okulu-1024x302.jpg","type":"","width":"","height":""}],"twitter_card":"summary_large_image","twitter_misc":{"Tahmini okuma s\u00fcresi":"2 dakika"},"schema":{"@context":"https:\/\/schema.org","@graph":[{"@type":"WebPage","@id":"https:\/\/yurtdisiegitimdanismanligi.tr\/index.php\/yurtdisi-yaz-okulu\/","url":"https:\/\/yurtdisiegitimdanismanligi.tr\/index.php\/yurtdisi-yaz-okulu\/","name":"Yurtd\u0131\u015f\u0131 Yaz Okulu - Yurtd\u0131\u015f\u0131 E\u011fitim Dan\u0131\u015fmanl\u0131\u011f\u0131","isPartOf":{"@id":"https:\/\/yurtdisiegitimdanismanligi.tr\/#website"},"primaryImageOfPage":{"@id":"https:\/\/yurtdisiegitimdanismanligi.tr\/index.php\/yurtdisi-yaz-okulu\/#primaryimage"},"image":{"@id":"https:\/\/yurtdisiegitimdanismanligi.tr\/index.php\/yurtdisi-yaz-okulu\/#primaryimage"},"thumbnailUrl":"http:\/\/yurtdisiegitimdanismanligi.tr\/wp-content\/uploads\/2025\/10\/yurtdisi-yaz-okulu-1024x302.jpg","datePublished":"2025-10-04T19:13:04+00:00","dateModified":"2025-10-06T21:27:08+00:00","breadcrumb":{"@id":"https:\/\/yurtdisiegitimdanismanligi.tr\/index.php\/yurtdisi-yaz-okulu\/#breadcrumb"},"inLanguage":"tr","potentialAction":[{"@type":"ReadAction","target":["https:\/\/yurtdisiegitimdanismanligi.tr\/index.php\/yurtdisi-yaz-okulu\/"]}]},{"@type":"ImageObject","inLanguage":"tr","@id":"https:\/\/yurtdisiegitimdanismanligi.tr\/index.php\/yurtdisi-yaz-okulu\/#primaryimage","url":"https:\/\/yurtdisiegitimdanismanligi.tr\/wp-content\/uploads\/2025\/10\/yurtdisi-yaz-okulu.jpg","contentUrl":"https:\/\/yurtdisiegitimdanismanligi.tr\/wp-content\/uploads\/2025\/10\/yurtdisi-yaz-okulu.jpg","width":1200,"height":354},{"@type":"BreadcrumbList","@id":"https:\/\/yurtdisiegitimdanismanligi.tr\/index.php\/yurtdisi-yaz-okulu\/#breadcrumb","itemListElement":[{"@type":"ListItem","position":1,"name":"Anasayfa","item":"https:\/\/yurtdisiegitimdanismanligi.tr\/"},{"@type":"ListItem","position":2,"name":"Yurtd\u0131\u015f\u0131 Yaz Okulu"}]},{"@type":"WebSite","@id":"https:\/\/yurtdisiegitimdanismanligi.tr\/#website","url":"https:\/\/yurtdisiegitimdanismanligi.tr\/","name":"Yurtd\u0131\u015f\u0131 E\u011fitim Dan\u0131\u015fmanl\u0131\u011f\u0131","description":"Yurtd\u0131\u015f\u0131 \u00dcniversite ve Lise ","publisher":{"@id":"https:\/\/yurtdisiegitimdanismanligi.tr\/#organization"},"potentialAction":[{"@type":"SearchAction","target":{"@type":"EntryPoint","urlTemplate":"https:\/\/yurtdisiegitimdanismanligi.tr\/?s={search_term_string}"},"query-input":{"@type":"PropertyValueSpecification","valueRequired":true,"valueName":"search_term_string"}}],"inLanguage":"tr"},{"@type":"Organization","@id":"https:\/\/yurtdisiegitimdanismanligi.tr\/#organization","name":"Yurtd\u0131\u015f\u0131 E\u011fitim Dan\u0131\u015fmanl\u0131\u011f\u0131","url":"https:\/\/yurtdisiegitimdanismanligi.tr\/","logo":{"@type":"ImageObject","inLanguage":"tr","@id":"https:\/\/yurtdisiegitimdanismanligi.tr\/#\/schema\/logo\/image\/","url":"http:\/\/yurtdisiegitimdanismanligi.tr\/wp-content\/uploads\/2020\/09\/logo-1.svg","contentUrl":"http:\/\/yurtdisiegitimdanismanligi.tr\/wp-content\/uploads\/2020\/09\/logo-1.svg","width":143,"height":40,"caption":"Yurtd\u0131\u015f\u0131 E\u011fitim Dan\u0131\u015fmanl\u0131\u011f\u0131"},"image":{"@id":"https:\/\/yurtdisiegitimdanismanligi.tr\/#\/schema\/logo\/image\/"},"sameAs":["https:\/\/www.instagram.com\/klccenter"]}]}},"_links":{"self":[{"href":"https:\/\/yurtdisiegitimdanismanligi.tr\/index.php\/wp-json\/wp\/v2\/pages\/5457","targetHints":{"allow":["GET"]}}],"collection":[{"href":"https:\/\/yurtdisiegitimdanismanligi.tr\/index.php\/wp-json\/wp\/v2\/pages"}],"about":[{"href":"https:\/\/yurtdisiegitimdanismanligi.tr\/index.php\/wp-json\/wp\/v2\/types\/page"}],"author":[{"embeddable":true,"href":"https:\/\/yurtdisiegitimdanismanligi.tr\/index.php\/wp-json\/wp\/v2\/users\/1"}],"replies":[{"embeddable":true,"href":"https:\/\/yurtdisiegitimdanismanligi.tr\/index.php\/wp-json\/wp\/v2\/comments?post=5457"}],"version-history":[{"count":22,"href":"https:\/\/yurtdisiegitimdanismanligi.tr\/index.php\/wp-json\/wp\/v2\/pages\/5457\/revisions"}],"predecessor-version":[{"id":6494,"href":"https:\/\/yurtdisiegitimdanismanligi.tr\/index.php\/wp-json\/wp\/v2\/pages\/5457\/revisions\/6494"}],"wp:attachment":[{"href":"https:\/\/yurtdisiegitimdanismanligi.tr\/index.php\/wp-json\/wp\/v2\/media?parent=5457"}],"curies":[{"name":"wp","href":"https:\/\/api.w.org\/{rel}","templated":true}]}}