{"id":5456,"date":"2025-10-04T20:54:43","date_gmt":"2025-10-04T17:54:43","guid":{"rendered":"https:\/\/yurtdisiegitimdanismanligi.tr\/?page_id=5456"},"modified":"2025-10-07T00:27:05","modified_gmt":"2025-10-06T21:27:05","slug":"yurtdisi-dil-okullari","status":"publish","type":"page","link":"https:\/\/yurtdisiegitimdanismanligi.tr\/index.php\/yurtdisi-dil-okullari\/","title":{"rendered":"Yurtd\u0131\u015f\u0131 Dil Okullar\u0131"},"content":{"rendered":"\t\t<div data-elementor-type=\"wp-page\" data-elementor-id=\"5456\" class=\"elementor elementor-5456\">\n\t\t\t\t\t\t<section class=\"elementor-section elementor-top-section elementor-element elementor-element-610f7335 ot-traditional elementor-section-boxed elementor-section-height-default elementor-section-height-default\" data-id=\"610f7335\" data-element_type=\"section\" data-e-type=\"section\">\n\t\t\t\t\t\t<div class=\"elementor-container elementor-column-gap-no\">\n\t\t\t\t\t<div class=\"elementor-column elementor-col-50 elementor-top-column elementor-element elementor-element-e79fdcf ot-flex-column-vertical\" data-id=\"e79fdcf\" data-element_type=\"column\" data-e-type=\"column\">\n\t\t\t<div class=\"elementor-widget-wrap elementor-element-populated\">\n\t\t\t\t\t\t<div class=\"elementor-element elementor-element-f17b850 elementor-widget elementor-widget-image\" data-id=\"f17b850\" data-element_type=\"widget\" data-e-type=\"widget\" data-widget_type=\"image.default\">\n\t\t\t\t\t\t\t\t\t\t\t\t\t\t\t<img fetchpriority=\"high\" decoding=\"async\" width=\"1024\" height=\"302\" src=\"https:\/\/yurtdisiegitimdanismanligi.tr\/wp-content\/uploads\/2025\/10\/yurtdisi-dil-okulu-1024x302.png\" class=\"attachment-large size-large wp-image-5459\" alt=\"\" srcset=\"https:\/\/yurtdisiegitimdanismanligi.tr\/wp-content\/uploads\/2025\/10\/yurtdisi-dil-okulu-1024x302.png 1024w, https:\/\/yurtdisiegitimdanismanligi.tr\/wp-content\/uploads\/2025\/10\/yurtdisi-dil-okulu-300x89.png 300w, https:\/\/yurtdisiegitimdanismanligi.tr\/wp-content\/uploads\/2025\/10\/yurtdisi-dil-okulu-768x227.png 768w, https:\/\/yurtdisiegitimdanismanligi.tr\/wp-content\/uploads\/2025\/10\/yurtdisi-dil-okulu-720x212.png 720w, https:\/\/yurtdisiegitimdanismanligi.tr\/wp-content\/uploads\/2025\/10\/yurtdisi-dil-okulu.png 1200w\" sizes=\"(max-width: 1024px) 100vw, 1024px\" \/>\t\t\t\t\t\t\t\t\t\t\t\t\t\t\t<\/div>\n\t\t\t\t<div class=\"elementor-element elementor-element-2ee5bce6 elementor-widget elementor-widget-text-editor\" data-id=\"2ee5bce6\" data-element_type=\"widget\" data-e-type=\"widget\" data-widget_type=\"text-editor.default\">\n\t\t\t\t\t\t\t\t\t<h5 data-start=\"362\" data-end=\"420\">KLC Education Co. Ltd. ile Yurtd\u0131\u015f\u0131nda Dil E\u011fitimi<\/h5>\n<p data-start=\"422\" data-end=\"726\">KLC Education Co. Ltd. olarak \u00f6\u011frencilerimize d\u00fcnyan\u0131n d\u00f6rt bir yan\u0131nda <strong data-start=\"494\" data-end=\"516\">yurtd\u0131\u015f\u0131 dil okulu<\/strong> imk\u00e2n\u0131 sunuyoruz. \u0130ngiltere, Almanya, \u0130talya, \u0130spanya, ABD, Kanada ve daha bir\u00e7ok \u00fclkedeki se\u00e7kin dil okullar\u0131yla i\u015f birli\u011fi yaparak, \u00f6\u011frencilerimizin hem akademik hem ki\u015fisel geli\u015fimlerine katk\u0131 sa\u011fl\u0131yoruz.<\/p>\n<p data-start=\"728\" data-end=\"911\">Yurtd\u0131\u015f\u0131nda dil e\u011fitimi; yaln\u0131zca dil \u00f6\u011frenmek de\u011fil, ayn\u0131 zamanda farkl\u0131 k\u00fclt\u00fcrleri tan\u0131mak, \u00f6zg\u00fcveni geli\u015ftirmek ve uluslararas\u0131 bir bak\u0131\u015f a\u00e7\u0131s\u0131 kazanmak i\u00e7in e\u015fsiz bir f\u0131rsatt\u0131r.<\/p>\n<hr data-start=\"913\" data-end=\"916\">\n<h5 data-start=\"918\" data-end=\"970\">Neden KLC Education ile Yurtd\u0131\u015f\u0131 Dil Okulu?<\/h5>\n<ul data-start=\"972\" data-end=\"1625\">\n<li data-start=\"972\" data-end=\"1085\">\n<p data-start=\"974\" data-end=\"1085\"><strong data-start=\"974\" data-end=\"1018\">British Council sertifikal\u0131 dan\u0131\u015fmanl\u0131k:<\/strong> Resmi akreditasyona sahip, g\u00fcvenilir yurtd\u0131\u015f\u0131 e\u011fitim rehberli\u011fi.<\/p>\n<\/li>\n<li data-start=\"1086\" data-end=\"1221\">\n<p data-start=\"1088\" data-end=\"1221\"><strong data-start=\"1088\" data-end=\"1116\">Ki\u015fiye \u00f6zel okul se\u00e7imi:<\/strong> \u00d6\u011frencinin hedeflerine, ya\u015f\u0131na, b\u00fct\u00e7esine ve dil seviyesine uygun en ideal \u00fclke ve program belirlenir.<\/p>\n<\/li>\n<li data-start=\"1222\" data-end=\"1375\">\n<p data-start=\"1224\" data-end=\"1375\"><strong data-start=\"1224\" data-end=\"1269\">Yo\u011fun, genel ve akademik dil programlar\u0131:<\/strong> \u0130ngilizce, Almanca, \u0130spanyolca, \u0130talyanca ve di\u011fer dillerde farkl\u0131 s\u00fcre ve seviyelere uygun se\u00e7enekler.<\/p>\n<\/li>\n<li data-start=\"1376\" data-end=\"1483\">\n<p data-start=\"1378\" data-end=\"1483\"><strong data-start=\"1378\" data-end=\"1408\">Vize ve konaklama deste\u011fi:<\/strong> T\u00fcm s\u00fcre\u00e7 boyunca profesyonel rehberlik ve g\u00fcvenli konaklama planlamas\u0131.<\/p>\n<\/li>\n<li data-start=\"1484\" data-end=\"1625\">\n<p data-start=\"1486\" data-end=\"1625\"><strong data-start=\"1486\" data-end=\"1529\">K\u00fclt\u00fcrel deneyim ve sosyal etkinlikler:<\/strong> Derslerin yan\u0131 s\u0131ra \u015fehir turlar\u0131, at\u00f6lyeler ve etkinliklerle unutulmaz bir \u00f6\u011frenme deneyimi.<\/p>\n<\/li>\n<\/ul>\n<hr data-start=\"1627\" data-end=\"1630\">\n<h5 data-start=\"1632\" data-end=\"1676\">Pop\u00fcler Yurtd\u0131\u015f\u0131 Dil Okulu \u00dclkeleri<\/h5>\n<ul data-start=\"1678\" data-end=\"2164\">\n<li data-start=\"1678\" data-end=\"1773\">\n<p data-start=\"1680\" data-end=\"1773\"><strong data-start=\"1680\" data-end=\"1694\">\u0130ngiltere:<\/strong> Londra, Oxford, Cambridge gibi \u015fehirlerde y\u00fcksek kaliteli \u0130ngilizce e\u011fitimi.<\/p>\n<\/li>\n<li data-start=\"1774\" data-end=\"1864\">\n<p data-start=\"1776\" data-end=\"1864\"><strong data-start=\"1776\" data-end=\"1788\">Almanya:<\/strong> Modern altyap\u0131l\u0131 okullarda hem Almanca hem \u0130ngilizce program se\u00e7enekleri.<\/p>\n<\/li>\n<li data-start=\"1865\" data-end=\"1951\">\n<p data-start=\"1867\" data-end=\"1951\"><strong data-start=\"1867\" data-end=\"1878\">\u0130talya:<\/strong> Sanat, tarih ve k\u00fclt\u00fcrle i\u00e7 i\u00e7e bir ortamda \u0130talyanca \u00f6\u011frenme f\u0131rsat\u0131.<\/p>\n<\/li>\n<li data-start=\"1952\" data-end=\"2054\">\n<p data-start=\"1954\" data-end=\"2054\"><strong data-start=\"1954\" data-end=\"1966\">\u0130spanya:<\/strong> S\u0131cak atmosferiyle \u0130spanyolca \u00f6\u011frenmek isteyen \u00f6\u011frenciler i\u00e7in ideal bir destinasyon.<\/p>\n<\/li>\n<li data-start=\"2055\" data-end=\"2164\">\n<p data-start=\"2057\" data-end=\"2164\"><strong data-start=\"2057\" data-end=\"2075\">ABD ve Kanada:<\/strong> D\u00fcnyaca tan\u0131nan dil okullar\u0131nda uluslararas\u0131 \u00f6\u011frencilerle birlikte global bir deneyim.<\/p>\n<\/li>\n<\/ul>\n<hr data-start=\"2166\" data-end=\"2169\">\n<h5 data-start=\"2171\" data-end=\"2211\">Dil \u00d6\u011frenirken D\u00fcnyay\u0131 Ke\u015ffedin<\/h5>\n<p data-start=\"2213\" data-end=\"2515\">KLC Education Co. Ltd. olarak, \u00f6\u011frencilerimizin sadece yeni bir dil \u00f6\u011frenmesini de\u011fil, o dili ya\u015fayarak deneyimlemesini hedefliyoruz.<br data-start=\"2346\" data-end=\"2349\">Yurtd\u0131\u015f\u0131 dil okulu programlar\u0131m\u0131zla, dil becerilerinizi geli\u015ftirirken ayn\u0131 zamanda yeni k\u00fclt\u00fcrler, arkada\u015fl\u0131klar ve f\u0131rsatlarla dolu bir d\u00fcnyaya ad\u0131m atabilirsiniz.<\/p>\n<p data-start=\"2517\" data-end=\"2664\"><strong data-start=\"2517\" data-end=\"2662\">Siz de global bir gelece\u011fe g\u00fc\u00e7l\u00fc bir ad\u0131m atmak istiyorsan\u0131z, bizimle ileti\u015fime ge\u00e7in ve size en uygun dil okulu program\u0131n\u0131 birlikte se\u00e7elim.<\/strong><\/p>\t\t\t\t\t\t\t\t<\/div>\n\t\t\t\t\t<\/div>\n\t\t<\/div>\n\t\t\t\t<div class=\"elementor-column elementor-col-50 elementor-top-column elementor-element elementor-element-3065040b ot-flex-column-vertical\" data-id=\"3065040b\" data-element_type=\"column\" data-e-type=\"column\">\n\t\t\t<div class=\"elementor-widget-wrap elementor-element-populated\">\n\t\t\t\t\t\t<section class=\"elementor-section elementor-inner-section elementor-element elementor-element-481d0444 ot-traditional elementor-section-boxed elementor-section-height-default elementor-section-height-default\" data-id=\"481d0444\" data-element_type=\"section\" data-e-type=\"section\">\n\t\t\t\t\t\t<div class=\"elementor-container elementor-column-gap-extended\">\n\t\t\t\t\t<div class=\"elementor-column elementor-col-100 elementor-inner-column elementor-element elementor-element-7b44b3fa ot-flex-column-vertical\" data-id=\"7b44b3fa\" data-element_type=\"column\" data-e-type=\"column\">\n\t\t\t<div class=\"elementor-widget-wrap elementor-element-populated\">\n\t\t\t\t\t\t<div class=\"elementor-element elementor-element-43f5e7c4 elementor-widget elementor-widget-heading\" data-id=\"43f5e7c4\" data-element_type=\"widget\" data-e-type=\"widget\" data-widget_type=\"heading.default\">\n\t\t\t\t\t<h5 class=\"elementor-heading-title elementor-size-default\">Programlar<\/h5>\t\t\t\t<\/div>\n\t\t\t\t<div class=\"elementor-element elementor-element-3a8f0846 career-link elementor-icon-list--layout-traditional elementor-list-item-link-full_width elementor-widget elementor-widget-icon-list\" data-id=\"3a8f0846\" data-element_type=\"widget\" data-e-type=\"widget\" data-widget_type=\"icon-list.default\">\n\t\t\t\t\t\t\t<ul class=\"elementor-icon-list-items\">\n\t\t\t\t\t\t\t<li class=\"elementor-icon-list-item\">\n\t\t\t\t\t\t\t\t\t\t\t<a href=\"https:\/\/yurtdisiegitimdanismanligi.tr\/index.php\/yurtdisi-universiteler\/\">\n\n\t\t\t\t\t\t\t\t\t\t\t<span class=\"elementor-icon-list-text\">Yurtd\u0131\u015f\u0131 \u00dcniversiteler<\/span>\n\t\t\t\t\t\t\t\t\t\t\t<\/a>\n\t\t\t\t\t\t\t\t\t<\/li>\n\t\t\t\t\t\t\t\t<li class=\"elementor-icon-list-item\">\n\t\t\t\t\t\t\t\t\t\t\t<a href=\"https:\/\/yurtdisiegitimdanismanligi.tr\/index.php\/yurtdisi-dil-okullari\">\n\n\t\t\t\t\t\t\t\t\t\t\t<span class=\"elementor-icon-list-text\">Yurtd\u0131\u015f\u0131 Dil Okullar\u0131<\/span>\n\t\t\t\t\t\t\t\t\t\t\t<\/a>\n\t\t\t\t\t\t\t\t\t<\/li>\n\t\t\t\t\t\t\t\t<li class=\"elementor-icon-list-item\">\n\t\t\t\t\t\t\t\t\t\t\t<a href=\"https:\/\/yurtdisiegitimdanismanligi.tr\/index.php\/yurtdisi-yatili-lise\">\n\n\t\t\t\t\t\t\t\t\t\t\t<span class=\"elementor-icon-list-text\">Yurtd\u0131\u015f\u0131 Yat\u0131l\u0131 Lise<\/span>\n\t\t\t\t\t\t\t\t\t\t\t<\/a>\n\t\t\t\t\t\t\t\t\t<\/li>\n\t\t\t\t\t\t\t\t<li class=\"elementor-icon-list-item\">\n\t\t\t\t\t\t\t\t\t\t\t<a href=\"https:\/\/yurtdisiegitimdanismanligi.tr\/index.php\/yurtdisi-yaz-okulu\">\n\n\t\t\t\t\t\t\t\t\t\t\t<span class=\"elementor-icon-list-text\">Yurtd\u0131\u015f\u0131 Yaz Okulu<\/span>\n\t\t\t\t\t\t\t\t\t\t\t<\/a>\n\t\t\t\t\t\t\t\t\t<\/li>\n\t\t\t\t\t\t<\/ul>\n\t\t\t\t\t\t<\/div>\n\t\t\t\t<div class=\"elementor-element elementor-element-5bc62d8e elementor-widget elementor-widget-image\" data-id=\"5bc62d8e\" data-element_type=\"widget\" data-e-type=\"widget\" data-widget_type=\"image.default\">\n\t\t\t\t\t\t\t\t\t\t\t\t\t\t\t<img decoding=\"async\" src=\"https:\/\/engitech.s3.us-east-1.amazonaws.com\/images\/Engitech_banner_Blog_Listing.jpg\" title=\"\" alt=\"\" loading=\"lazy\" \/>\t\t\t\t\t\t\t\t\t\t\t\t\t\t\t<\/div>\n\t\t\t\t\t<\/div>\n\t\t<\/div>\n\t\t\t\t\t<\/div>\n\t\t<\/section>\n\t\t\t\t\t<\/div>\n\t\t<\/div>\n\t\t\t\t\t<\/div>\n\t\t<\/section>\n\t\t\t\t<\/div>\n\t\t","protected":false},"excerpt":{"rendered":"<p>KLC Education Co. Ltd. ile Yurtd\u0131\u015f\u0131nda Dil E\u011fitimi KLC Education Co. Ltd. olarak \u00f6\u011frencilerimize d\u00fcnyan\u0131n d\u00f6rt bir yan\u0131nda yurtd\u0131\u015f\u0131 dil okulu imk\u00e2n\u0131 sunuyoruz. \u0130ngiltere, Almanya, \u0130talya, \u0130spanya, ABD, Kanada ve daha bir\u00e7ok \u00fclkedeki se\u00e7kin dil okullar\u0131yla i\u015f birli\u011fi yaparak, \u00f6\u011frencilerimizin hem akademik hem ki\u015fisel geli\u015fimlerine katk\u0131 sa\u011fl\u0131yoruz. Yurtd\u0131\u015f\u0131nda dil e\u011fitimi; yaln\u0131zca dil \u00f6\u011frenmek de\u011fil, ayn\u0131 [&hellip;]<\/p>\n","protected":false},"author":1,"featured_media":0,"parent":0,"menu_order":0,"comment_status":"closed","ping_status":"closed","template":"","meta":{"footnotes":""},"class_list":["post-5456","page","type-page","status-publish","hentry"],"yoast_head":"<!-- This site is optimized with the Yoast SEO plugin v27.3 - https:\/\/yoast.com\/product\/yoast-seo-wordpress\/ -->\n<title>Yurtd\u0131\u015f\u0131 Dil Okullar\u0131 - Yurtd\u0131\u015f\u0131 E\u011fitim Dan\u0131\u015fmanl\u0131\u011f\u0131<\/title>\n<meta name=\"robots\" content=\"index, follow, max-snippet:-1, max-image-preview:large, max-video-preview:-1\" \/>\n<link rel=\"canonical\" href=\"https:\/\/yurtdisiegitimdanismanligi.tr\/index.php\/yurtdisi-dil-okullari\/\" \/>\n<meta property=\"og:locale\" content=\"tr_TR\" \/>\n<meta property=\"og:type\" content=\"article\" \/>\n<meta property=\"og:title\" content=\"Yurtd\u0131\u015f\u0131 Dil Okullar\u0131 - Yurtd\u0131\u015f\u0131 E\u011fitim Dan\u0131\u015fmanl\u0131\u011f\u0131\" \/>\n<meta property=\"og:description\" content=\"KLC Education Co. Ltd. ile Yurtd\u0131\u015f\u0131nda Dil E\u011fitimi KLC Education Co. Ltd. olarak \u00f6\u011frencilerimize d\u00fcnyan\u0131n d\u00f6rt bir yan\u0131nda yurtd\u0131\u015f\u0131 dil okulu imk\u00e2n\u0131 sunuyoruz. \u0130ngiltere, Almanya, \u0130talya, \u0130spanya, ABD, Kanada ve daha bir\u00e7ok \u00fclkedeki se\u00e7kin dil okullar\u0131yla i\u015f birli\u011fi yaparak, \u00f6\u011frencilerimizin hem akademik hem ki\u015fisel geli\u015fimlerine katk\u0131 sa\u011fl\u0131yoruz. Yurtd\u0131\u015f\u0131nda dil e\u011fitimi; yaln\u0131zca dil \u00f6\u011frenmek de\u011fil, ayn\u0131 [&hellip;]\" \/>\n<meta property=\"og:url\" content=\"https:\/\/yurtdisiegitimdanismanligi.tr\/index.php\/yurtdisi-dil-okullari\/\" \/>\n<meta property=\"og:site_name\" content=\"Yurtd\u0131\u015f\u0131 E\u011fitim Dan\u0131\u015fmanl\u0131\u011f\u0131\" \/>\n<meta property=\"article:publisher\" content=\"https:\/\/www.instagram.com\/klccenter\" \/>\n<meta property=\"article:modified_time\" content=\"2025-10-06T21:27:05+00:00\" \/>\n<meta property=\"og:image\" content=\"http:\/\/yurtdisiegitimdanismanligi.tr\/wp-content\/uploads\/2025\/10\/yurtdisi-dil-okulu-1024x302.png\" \/>\n<meta name=\"twitter:card\" content=\"summary_large_image\" \/>\n<meta name=\"twitter:label1\" content=\"Tahmini okuma s\u00fcresi\" \/>\n\t<meta name=\"twitter:data1\" content=\"2 dakika\" \/>\n<script type=\"application\/ld+json\" class=\"yoast-schema-graph\">{\"@context\":\"https:\\\/\\\/schema.org\",\"@graph\":[{\"@type\":\"WebPage\",\"@id\":\"https:\\\/\\\/yurtdisiegitimdanismanligi.tr\\\/index.php\\\/yurtdisi-dil-okullari\\\/\",\"url\":\"https:\\\/\\\/yurtdisiegitimdanismanligi.tr\\\/index.php\\\/yurtdisi-dil-okullari\\\/\",\"name\":\"Yurtd\u0131\u015f\u0131 Dil Okullar\u0131 - Yurtd\u0131\u015f\u0131 E\u011fitim Dan\u0131\u015fmanl\u0131\u011f\u0131\",\"isPartOf\":{\"@id\":\"https:\\\/\\\/yurtdisiegitimdanismanligi.tr\\\/#website\"},\"primaryImageOfPage\":{\"@id\":\"https:\\\/\\\/yurtdisiegitimdanismanligi.tr\\\/index.php\\\/yurtdisi-dil-okullari\\\/#primaryimage\"},\"image\":{\"@id\":\"https:\\\/\\\/yurtdisiegitimdanismanligi.tr\\\/index.php\\\/yurtdisi-dil-okullari\\\/#primaryimage\"},\"thumbnailUrl\":\"http:\\\/\\\/yurtdisiegitimdanismanligi.tr\\\/wp-content\\\/uploads\\\/2025\\\/10\\\/yurtdisi-dil-okulu-1024x302.png\",\"datePublished\":\"2025-10-04T17:54:43+00:00\",\"dateModified\":\"2025-10-06T21:27:05+00:00\",\"breadcrumb\":{\"@id\":\"https:\\\/\\\/yurtdisiegitimdanismanligi.tr\\\/index.php\\\/yurtdisi-dil-okullari\\\/#breadcrumb\"},\"inLanguage\":\"tr\",\"potentialAction\":[{\"@type\":\"ReadAction\",\"target\":[\"https:\\\/\\\/yurtdisiegitimdanismanligi.tr\\\/index.php\\\/yurtdisi-dil-okullari\\\/\"]}]},{\"@type\":\"ImageObject\",\"inLanguage\":\"tr\",\"@id\":\"https:\\\/\\\/yurtdisiegitimdanismanligi.tr\\\/index.php\\\/yurtdisi-dil-okullari\\\/#primaryimage\",\"url\":\"https:\\\/\\\/yurtdisiegitimdanismanligi.tr\\\/wp-content\\\/uploads\\\/2025\\\/10\\\/yurtdisi-dil-okulu.png\",\"contentUrl\":\"https:\\\/\\\/yurtdisiegitimdanismanligi.tr\\\/wp-content\\\/uploads\\\/2025\\\/10\\\/yurtdisi-dil-okulu.png\",\"width\":1200,\"height\":354},{\"@type\":\"BreadcrumbList\",\"@id\":\"https:\\\/\\\/yurtdisiegitimdanismanligi.tr\\\/index.php\\\/yurtdisi-dil-okullari\\\/#breadcrumb\",\"itemListElement\":[{\"@type\":\"ListItem\",\"position\":1,\"name\":\"Anasayfa\",\"item\":\"https:\\\/\\\/yurtdisiegitimdanismanligi.tr\\\/\"},{\"@type\":\"ListItem\",\"position\":2,\"name\":\"Yurtd\u0131\u015f\u0131 Dil Okullar\u0131\"}]},{\"@type\":\"WebSite\",\"@id\":\"https:\\\/\\\/yurtdisiegitimdanismanligi.tr\\\/#website\",\"url\":\"https:\\\/\\\/yurtdisiegitimdanismanligi.tr\\\/\",\"name\":\"Yurtd\u0131\u015f\u0131 E\u011fitim Dan\u0131\u015fmanl\u0131\u011f\u0131\",\"description\":\"Yurtd\u0131\u015f\u0131 \u00dcniversite ve Lise \",\"publisher\":{\"@id\":\"https:\\\/\\\/yurtdisiegitimdanismanligi.tr\\\/#organization\"},\"potentialAction\":[{\"@type\":\"SearchAction\",\"target\":{\"@type\":\"EntryPoint\",\"urlTemplate\":\"https:\\\/\\\/yurtdisiegitimdanismanligi.tr\\\/?s={search_term_string}\"},\"query-input\":{\"@type\":\"PropertyValueSpecification\",\"valueRequired\":true,\"valueName\":\"search_term_string\"}}],\"inLanguage\":\"tr\"},{\"@type\":\"Organization\",\"@id\":\"https:\\\/\\\/yurtdisiegitimdanismanligi.tr\\\/#organization\",\"name\":\"Yurtd\u0131\u015f\u0131 E\u011fitim Dan\u0131\u015fmanl\u0131\u011f\u0131\",\"url\":\"https:\\\/\\\/yurtdisiegitimdanismanligi.tr\\\/\",\"logo\":{\"@type\":\"ImageObject\",\"inLanguage\":\"tr\",\"@id\":\"https:\\\/\\\/yurtdisiegitimdanismanligi.tr\\\/#\\\/schema\\\/logo\\\/image\\\/\",\"url\":\"http:\\\/\\\/yurtdisiegitimdanismanligi.tr\\\/wp-content\\\/uploads\\\/2020\\\/09\\\/logo-1.svg\",\"contentUrl\":\"http:\\\/\\\/yurtdisiegitimdanismanligi.tr\\\/wp-content\\\/uploads\\\/2020\\\/09\\\/logo-1.svg\",\"width\":143,\"height\":40,\"caption\":\"Yurtd\u0131\u015f\u0131 E\u011fitim Dan\u0131\u015fmanl\u0131\u011f\u0131\"},\"image\":{\"@id\":\"https:\\\/\\\/yurtdisiegitimdanismanligi.tr\\\/#\\\/schema\\\/logo\\\/image\\\/\"},\"sameAs\":[\"https:\\\/\\\/www.instagram.com\\\/klccenter\"]}]}<\/script>\n<!-- \/ Yoast SEO plugin. -->","yoast_head_json":{"title":"Yurtd\u0131\u015f\u0131 Dil Okullar\u0131 - Yurtd\u0131\u015f\u0131 E\u011fitim Dan\u0131\u015fmanl\u0131\u011f\u0131","robots":{"index":"index","follow":"follow","max-snippet":"max-snippet:-1","max-image-preview":"max-image-preview:large","max-video-preview":"max-video-preview:-1"},"canonical":"https:\/\/yurtdisiegitimdanismanligi.tr\/index.php\/yurtdisi-dil-okullari\/","og_locale":"tr_TR","og_type":"article","og_title":"Yurtd\u0131\u015f\u0131 Dil Okullar\u0131 - Yurtd\u0131\u015f\u0131 E\u011fitim Dan\u0131\u015fmanl\u0131\u011f\u0131","og_description":"KLC Education Co. Ltd. ile Yurtd\u0131\u015f\u0131nda Dil E\u011fitimi KLC Education Co. Ltd. olarak \u00f6\u011frencilerimize d\u00fcnyan\u0131n d\u00f6rt bir yan\u0131nda yurtd\u0131\u015f\u0131 dil okulu imk\u00e2n\u0131 sunuyoruz. \u0130ngiltere, Almanya, \u0130talya, \u0130spanya, ABD, Kanada ve daha bir\u00e7ok \u00fclkedeki se\u00e7kin dil okullar\u0131yla i\u015f birli\u011fi yaparak, \u00f6\u011frencilerimizin hem akademik hem ki\u015fisel geli\u015fimlerine katk\u0131 sa\u011fl\u0131yoruz. Yurtd\u0131\u015f\u0131nda dil e\u011fitimi; yaln\u0131zca dil \u00f6\u011frenmek de\u011fil, ayn\u0131 [&hellip;]","og_url":"https:\/\/yurtdisiegitimdanismanligi.tr\/index.php\/yurtdisi-dil-okullari\/","og_site_name":"Yurtd\u0131\u015f\u0131 E\u011fitim Dan\u0131\u015fmanl\u0131\u011f\u0131","article_publisher":"https:\/\/www.instagram.com\/klccenter","article_modified_time":"2025-10-06T21:27:05+00:00","og_image":[{"url":"http:\/\/yurtdisiegitimdanismanligi.tr\/wp-content\/uploads\/2025\/10\/yurtdisi-dil-okulu-1024x302.png","type":"","width":"","height":""}],"twitter_card":"summary_large_image","twitter_misc":{"Tahmini okuma s\u00fcresi":"2 dakika"},"schema":{"@context":"https:\/\/schema.org","@graph":[{"@type":"WebPage","@id":"https:\/\/yurtdisiegitimdanismanligi.tr\/index.php\/yurtdisi-dil-okullari\/","url":"https:\/\/yurtdisiegitimdanismanligi.tr\/index.php\/yurtdisi-dil-okullari\/","name":"Yurtd\u0131\u015f\u0131 Dil Okullar\u0131 - Yurtd\u0131\u015f\u0131 E\u011fitim Dan\u0131\u015fmanl\u0131\u011f\u0131","isPartOf":{"@id":"https:\/\/yurtdisiegitimdanismanligi.tr\/#website"},"primaryImageOfPage":{"@id":"https:\/\/yurtdisiegitimdanismanligi.tr\/index.php\/yurtdisi-dil-okullari\/#primaryimage"},"image":{"@id":"https:\/\/yurtdisiegitimdanismanligi.tr\/index.php\/yurtdisi-dil-okullari\/#primaryimage"},"thumbnailUrl":"http:\/\/yurtdisiegitimdanismanligi.tr\/wp-content\/uploads\/2025\/10\/yurtdisi-dil-okulu-1024x302.png","datePublished":"2025-10-04T17:54:43+00:00","dateModified":"2025-10-06T21:27:05+00:00","breadcrumb":{"@id":"https:\/\/yurtdisiegitimdanismanligi.tr\/index.php\/yurtdisi-dil-okullari\/#breadcrumb"},"inLanguage":"tr","potentialAction":[{"@type":"ReadAction","target":["https:\/\/yurtdisiegitimdanismanligi.tr\/index.php\/yurtdisi-dil-okullari\/"]}]},{"@type":"ImageObject","inLanguage":"tr","@id":"https:\/\/yurtdisiegitimdanismanligi.tr\/index.php\/yurtdisi-dil-okullari\/#primaryimage","url":"https:\/\/yurtdisiegitimdanismanligi.tr\/wp-content\/uploads\/2025\/10\/yurtdisi-dil-okulu.png","contentUrl":"https:\/\/yurtdisiegitimdanismanligi.tr\/wp-content\/uploads\/2025\/10\/yurtdisi-dil-okulu.png","width":1200,"height":354},{"@type":"BreadcrumbList","@id":"https:\/\/yurtdisiegitimdanismanligi.tr\/index.php\/yurtdisi-dil-okullari\/#breadcrumb","itemListElement":[{"@type":"ListItem","position":1,"name":"Anasayfa","item":"https:\/\/yurtdisiegitimdanismanligi.tr\/"},{"@type":"ListItem","position":2,"name":"Yurtd\u0131\u015f\u0131 Dil Okullar\u0131"}]},{"@type":"WebSite","@id":"https:\/\/yurtdisiegitimdanismanligi.tr\/#website","url":"https:\/\/yurtdisiegitimdanismanligi.tr\/","name":"Yurtd\u0131\u015f\u0131 E\u011fitim Dan\u0131\u015fmanl\u0131\u011f\u0131","description":"Yurtd\u0131\u015f\u0131 \u00dcniversite ve Lise ","publisher":{"@id":"https:\/\/yurtdisiegitimdanismanligi.tr\/#organization"},"potentialAction":[{"@type":"SearchAction","target":{"@type":"EntryPoint","urlTemplate":"https:\/\/yurtdisiegitimdanismanligi.tr\/?s={search_term_string}"},"query-input":{"@type":"PropertyValueSpecification","valueRequired":true,"valueName":"search_term_string"}}],"inLanguage":"tr"},{"@type":"Organization","@id":"https:\/\/yurtdisiegitimdanismanligi.tr\/#organization","name":"Yurtd\u0131\u015f\u0131 E\u011fitim Dan\u0131\u015fmanl\u0131\u011f\u0131","url":"https:\/\/yurtdisiegitimdanismanligi.tr\/","logo":{"@type":"ImageObject","inLanguage":"tr","@id":"https:\/\/yurtdisiegitimdanismanligi.tr\/#\/schema\/logo\/image\/","url":"http:\/\/yurtdisiegitimdanismanligi.tr\/wp-content\/uploads\/2020\/09\/logo-1.svg","contentUrl":"http:\/\/yurtdisiegitimdanismanligi.tr\/wp-content\/uploads\/2020\/09\/logo-1.svg","width":143,"height":40,"caption":"Yurtd\u0131\u015f\u0131 E\u011fitim Dan\u0131\u015fmanl\u0131\u011f\u0131"},"image":{"@id":"https:\/\/yurtdisiegitimdanismanligi.tr\/#\/schema\/logo\/image\/"},"sameAs":["https:\/\/www.instagram.com\/klccenter"]}]}},"_links":{"self":[{"href":"https:\/\/yurtdisiegitimdanismanligi.tr\/index.php\/wp-json\/wp\/v2\/pages\/5456","targetHints":{"allow":["GET"]}}],"collection":[{"href":"https:\/\/yurtdisiegitimdanismanligi.tr\/index.php\/wp-json\/wp\/v2\/pages"}],"about":[{"href":"https:\/\/yurtdisiegitimdanismanligi.tr\/index.php\/wp-json\/wp\/v2\/types\/page"}],"author":[{"embeddable":true,"href":"https:\/\/yurtdisiegitimdanismanligi.tr\/index.php\/wp-json\/wp\/v2\/users\/1"}],"replies":[{"embeddable":true,"href":"https:\/\/yurtdisiegitimdanismanligi.tr\/index.php\/wp-json\/wp\/v2\/comments?post=5456"}],"version-history":[{"count":13,"href":"https:\/\/yurtdisiegitimdanismanligi.tr\/index.php\/wp-json\/wp\/v2\/pages\/5456\/revisions"}],"predecessor-version":[{"id":6488,"href":"https:\/\/yurtdisiegitimdanismanligi.tr\/index.php\/wp-json\/wp\/v2\/pages\/5456\/revisions\/6488"}],"wp:attachment":[{"href":"https:\/\/yurtdisiegitimdanismanligi.tr\/index.php\/wp-json\/wp\/v2\/media?parent=5456"}],"curies":[{"name":"wp","href":"https:\/\/api.w.org\/{rel}","templated":true}]}}