{"id":5455,"date":"2025-10-04T20:59:32","date_gmt":"2025-10-04T17:59:32","guid":{"rendered":"https:\/\/yurtdisiegitimdanismanligi.tr\/?page_id=5455"},"modified":"2025-10-07T00:27:06","modified_gmt":"2025-10-06T21:27:06","slug":"yurtdisi-yatili-lise","status":"publish","type":"page","link":"https:\/\/yurtdisiegitimdanismanligi.tr\/index.php\/yurtdisi-yatili-lise\/","title":{"rendered":"Yurtd\u0131\u015f\u0131 Yat\u0131l\u0131 Lise"},"content":{"rendered":"\t\t<div data-elementor-type=\"wp-page\" data-elementor-id=\"5455\" class=\"elementor elementor-5455\">\n\t\t\t\t\t\t<section class=\"elementor-section elementor-top-section elementor-element elementor-element-610f7335 ot-traditional elementor-section-boxed elementor-section-height-default elementor-section-height-default\" data-id=\"610f7335\" data-element_type=\"section\" data-e-type=\"section\">\n\t\t\t\t\t\t<div class=\"elementor-container elementor-column-gap-no\">\n\t\t\t\t\t<div class=\"elementor-column elementor-col-50 elementor-top-column elementor-element elementor-element-e79fdcf ot-flex-column-vertical\" data-id=\"e79fdcf\" data-element_type=\"column\" data-e-type=\"column\">\n\t\t\t<div class=\"elementor-widget-wrap elementor-element-populated\">\n\t\t\t\t\t\t<div class=\"elementor-element elementor-element-f17b850 elementor-widget elementor-widget-image\" data-id=\"f17b850\" data-element_type=\"widget\" data-e-type=\"widget\" data-widget_type=\"image.default\">\n\t\t\t\t\t\t\t\t\t\t\t\t\t\t\t<img fetchpriority=\"high\" decoding=\"async\" width=\"1024\" height=\"302\" src=\"https:\/\/yurtdisiegitimdanismanligi.tr\/wp-content\/uploads\/2025\/10\/yurtdisi-yatili-liseler-1024x302.jpg\" class=\"attachment-large size-large wp-image-5464\" alt=\"\" srcset=\"https:\/\/yurtdisiegitimdanismanligi.tr\/wp-content\/uploads\/2025\/10\/yurtdisi-yatili-liseler-1024x302.jpg 1024w, https:\/\/yurtdisiegitimdanismanligi.tr\/wp-content\/uploads\/2025\/10\/yurtdisi-yatili-liseler-300x89.jpg 300w, https:\/\/yurtdisiegitimdanismanligi.tr\/wp-content\/uploads\/2025\/10\/yurtdisi-yatili-liseler-768x227.jpg 768w, https:\/\/yurtdisiegitimdanismanligi.tr\/wp-content\/uploads\/2025\/10\/yurtdisi-yatili-liseler-720x212.jpg 720w, https:\/\/yurtdisiegitimdanismanligi.tr\/wp-content\/uploads\/2025\/10\/yurtdisi-yatili-liseler.jpg 1200w\" sizes=\"(max-width: 1024px) 100vw, 1024px\" \/>\t\t\t\t\t\t\t\t\t\t\t\t\t\t\t<\/div>\n\t\t\t\t<div class=\"elementor-element elementor-element-2ee5bce6 elementor-widget elementor-widget-text-editor\" data-id=\"2ee5bce6\" data-element_type=\"widget\" data-e-type=\"widget\" data-widget_type=\"text-editor.default\">\n\t\t\t\t\t\t\t\t\t<h5 data-start=\"339\" data-end=\"403\">KLC Education Co. Ltd. ile Yurtd\u0131\u015f\u0131 Yat\u0131l\u0131 Lise Deneyimi<\/h5>\n<p data-start=\"405\" data-end=\"686\">KLC Education Co. Ltd. olarak \u00f6\u011frencilerimize <strong data-start=\"451\" data-end=\"486\">yurtd\u0131\u015f\u0131nda yat\u0131l\u0131 lise e\u011fitimi<\/strong> f\u0131rsat\u0131 sunuyoruz. \u0130talya, \u0130ngiltere, Almanya, Kanada ve ABD ba\u015fta olmak \u00fczere bir\u00e7ok \u00fclkedeki prestijli okullar ile i\u015f birli\u011fi yaparak, gen\u00e7lerimizin uluslararas\u0131 standartlarda e\u011fitim almas\u0131n\u0131 sa\u011fl\u0131yoruz.<\/p>\n<p data-start=\"688\" data-end=\"929\">Yurtd\u0131\u015f\u0131nda yat\u0131l\u0131 lise e\u011fitimi; \u00f6\u011frencilere yaln\u0131zca g\u00fc\u00e7l\u00fc bir akademik altyap\u0131 kazand\u0131rmakla kalmaz, ayn\u0131 zamanda farkl\u0131 k\u00fclt\u00fcrleri tan\u0131ma, ba\u011f\u0131ms\u0131z ya\u015fam becerileri geli\u015ftirme ve d\u00fcnya vatanda\u015f\u0131 olma yolunda benzersiz bir deneyim sunar.<\/p>\n<hr data-start=\"931\" data-end=\"934\">\n<h5>Neden KLC Education ile Yurtd\u0131\u015f\u0131 Yat\u0131l\u0131 Lise?<\/h5>\n<ul data-start=\"992\" data-end=\"1650\">\n<li data-start=\"992\" data-end=\"1142\">\n<p data-start=\"994\" data-end=\"1142\"><strong data-start=\"994\" data-end=\"1032\">Kapsaml\u0131 okul yerle\u015ftirme hizmeti:<\/strong> \u00d6\u011frencinin akademik ba\u015far\u0131s\u0131, ilgi alanlar\u0131 ve hedefleri do\u011frultusunda en uygun yat\u0131l\u0131 lise se\u00e7imi yap\u0131l\u0131r.<\/p>\n<\/li>\n<li data-start=\"1143\" data-end=\"1243\">\n<p data-start=\"1145\" data-end=\"1243\"><strong data-start=\"1145\" data-end=\"1189\">British Council sertifikal\u0131 dan\u0131\u015fmanl\u0131k:<\/strong> Uluslararas\u0131 ge\u00e7erlili\u011fe sahip g\u00fcvenilir rehberlik.<\/p>\n<\/li>\n<li data-start=\"1244\" data-end=\"1394\">\n<p data-start=\"1246\" data-end=\"1394\"><strong data-start=\"1246\" data-end=\"1278\">Ko\u00e7luk ve ment\u00f6rl\u00fck deste\u011fi:<\/strong> \u00d6\u011frencilerin g\u00fc\u00e7l\u00fc y\u00f6nlerini ortaya \u00e7\u0131karan, psikolog ve e\u011fitim ko\u00e7lar\u0131yla y\u00fcr\u00fct\u00fclen bireysel y\u00f6nlendirme s\u00fcreci.<\/p>\n<\/li>\n<li data-start=\"1395\" data-end=\"1522\">\n<p data-start=\"1397\" data-end=\"1522\"><strong data-start=\"1397\" data-end=\"1428\">Ailelere tam bilgilendirme:<\/strong> E\u011fitim s\u00fcreci boyunca d\u00fczenli raporlar, okul geri bildirimleri ve s\u00fcrekli ileti\u015fim deste\u011fi.<\/p>\n<\/li>\n<li data-start=\"1523\" data-end=\"1650\">\n<p data-start=\"1525\" data-end=\"1650\"><strong data-start=\"1525\" data-end=\"1567\">Vize, konaklama ve adaptasyon deste\u011fi:<\/strong> \u00d6\u011frencinin g\u00fcvenli ve konforlu bir ba\u015flang\u0131\u00e7 yapmas\u0131 i\u00e7in her ayr\u0131nt\u0131 d\u00fc\u015f\u00fcn\u00fcl\u00fcr.<\/p>\n<\/li>\n<\/ul>\n<hr data-start=\"1652\" data-end=\"1655\">\n<h5>Pop\u00fcler Yurtd\u0131\u015f\u0131 Yat\u0131l\u0131 Lise \u00dclkeleri<\/h5>\n<ul>\n<li data-start=\"1559\" data-end=\"1656\">\n<p data-start=\"1561\" data-end=\"1656\"><strong data-start=\"1561\" data-end=\"1575\">\u0130ngiltere:<\/strong> Akademik disiplini ve k\u00f6kl\u00fc e\u011fitim gelene\u011fiyle d\u00fcnyan\u0131n en prestijli liseleri.<\/p>\n<\/li>\n<li data-start=\"1657\" data-end=\"1741\">\n<p data-start=\"1659\" data-end=\"1741\"><strong data-start=\"1659\" data-end=\"1671\">Almanya:<\/strong> Uygulamal\u0131 e\u011fitim modeli ve g\u00fc\u00e7l\u00fc akademik altyap\u0131s\u0131 ile \u00f6n planda.<\/p>\n<\/li>\n<li data-start=\"1742\" data-end=\"1840\">\n<p data-start=\"1744\" data-end=\"1840\"><strong data-start=\"1744\" data-end=\"1755\">\u0130talya:<\/strong> Sanat, tasar\u0131m ve k\u00fclt\u00fcr odakl\u0131 e\u011fitim anlay\u0131\u015f\u0131yla Avrupa\u2019da fark yaratan okullar.<\/p>\n<\/li>\n<li data-start=\"1841\" data-end=\"1948\">\n<p data-start=\"1843\" data-end=\"1948\"><strong data-start=\"1843\" data-end=\"1855\">\u0130spanya:<\/strong> S\u0131cak k\u00fclt\u00fcr\u00fc, \u00e7ok dilli e\u011fitim sistemi ve yenilik\u00e7i okul yap\u0131s\u0131yla \u00f6ne \u00e7\u0131kan bir se\u00e7enek.<\/p>\n<\/li>\n<li data-start=\"1949\" data-end=\"2067\">\n<p data-start=\"1951\" data-end=\"2067\"><strong data-start=\"1951\" data-end=\"1969\">ABD ve Kanada:<\/strong> K\u00fclt\u00fcrel \u00e7e\u015fitlilik ve sosyal imkanlar\u0131yla global d\u00fc\u015f\u00fcnen \u00f6\u011frenciler i\u00e7in ideal destinasyonlar.<\/p>\n<\/li>\n<\/ul>\n<hr data-start=\"1992\" data-end=\"1995\">\n<h5>KLC Education ile Gelece\u011fe G\u00fcvenle Ad\u0131m At\u0131n<\/h5>\n<p data-start=\"2052\" data-end=\"2331\">KLC Education Co. Ltd. olarak her \u00f6\u011frencinin potansiyeline inanan, hedeflerini \u00f6nemseyen ve onlar\u0131 uluslararas\u0131 ba\u015far\u0131ya ta\u015f\u0131yan bir e\u011fitim yolculu\u011fu sunuyoruz.<br data-start=\"2212\" data-end=\"2215\">Yurtd\u0131\u015f\u0131nda yat\u0131l\u0131 lise e\u011fitimiyle \u00f6\u011frencilerimize sadece bir diploma de\u011fil, <strong data-start=\"2292\" data-end=\"2313\">global bir vizyon<\/strong> kazand\u0131r\u0131yoruz.<\/p>\n<p data-start=\"2333\" data-end=\"2509\"><strong data-start=\"2333\" data-end=\"2507\">Siz de \u00e7ocu\u011funuzun d\u00fcnyaya a\u00e7\u0131lan bu ayr\u0131cal\u0131kl\u0131 e\u011fitim yolculu\u011funa ad\u0131m atmas\u0131n\u0131 istiyorsan\u0131z, bizimle ileti\u015fime ge\u00e7in ve en uygun yat\u0131l\u0131 lise se\u00e7imini birlikte yapal\u0131m.<\/strong><\/p>\t\t\t\t\t\t\t\t<\/div>\n\t\t\t\t\t<\/div>\n\t\t<\/div>\n\t\t\t\t<div class=\"elementor-column elementor-col-50 elementor-top-column elementor-element elementor-element-3065040b ot-flex-column-vertical\" data-id=\"3065040b\" data-element_type=\"column\" data-e-type=\"column\">\n\t\t\t<div class=\"elementor-widget-wrap elementor-element-populated\">\n\t\t\t\t\t\t<section class=\"elementor-section elementor-inner-section elementor-element elementor-element-481d0444 ot-traditional elementor-section-boxed elementor-section-height-default elementor-section-height-default\" data-id=\"481d0444\" data-element_type=\"section\" data-e-type=\"section\">\n\t\t\t\t\t\t<div class=\"elementor-container elementor-column-gap-extended\">\n\t\t\t\t\t<div class=\"elementor-column elementor-col-100 elementor-inner-column elementor-element elementor-element-7b44b3fa ot-flex-column-vertical\" data-id=\"7b44b3fa\" data-element_type=\"column\" data-e-type=\"column\">\n\t\t\t<div class=\"elementor-widget-wrap elementor-element-populated\">\n\t\t\t\t\t\t<div class=\"elementor-element elementor-element-43f5e7c4 elementor-widget elementor-widget-heading\" data-id=\"43f5e7c4\" data-element_type=\"widget\" data-e-type=\"widget\" data-widget_type=\"heading.default\">\n\t\t\t\t\t<h5 class=\"elementor-heading-title elementor-size-default\">Programlar<\/h5>\t\t\t\t<\/div>\n\t\t\t\t<div class=\"elementor-element elementor-element-3a8f0846 career-link elementor-icon-list--layout-traditional elementor-list-item-link-full_width elementor-widget elementor-widget-icon-list\" data-id=\"3a8f0846\" data-element_type=\"widget\" data-e-type=\"widget\" data-widget_type=\"icon-list.default\">\n\t\t\t\t\t\t\t<ul class=\"elementor-icon-list-items\">\n\t\t\t\t\t\t\t<li class=\"elementor-icon-list-item\">\n\t\t\t\t\t\t\t\t\t\t\t<a href=\"https:\/\/yurtdisiegitimdanismanligi.tr\/index.php\/yurtdisi-universiteler\/\">\n\n\t\t\t\t\t\t\t\t\t\t\t<span class=\"elementor-icon-list-text\">Yurtd\u0131\u015f\u0131 \u00dcniversiteler<\/span>\n\t\t\t\t\t\t\t\t\t\t\t<\/a>\n\t\t\t\t\t\t\t\t\t<\/li>\n\t\t\t\t\t\t\t\t<li class=\"elementor-icon-list-item\">\n\t\t\t\t\t\t\t\t\t\t\t<a href=\"https:\/\/yurtdisiegitimdanismanligi.tr\/index.php\/yurtdisi-dil-okullari\">\n\n\t\t\t\t\t\t\t\t\t\t\t<span class=\"elementor-icon-list-text\">Yurtd\u0131\u015f\u0131 Dil Okullar\u0131<\/span>\n\t\t\t\t\t\t\t\t\t\t\t<\/a>\n\t\t\t\t\t\t\t\t\t<\/li>\n\t\t\t\t\t\t\t\t<li class=\"elementor-icon-list-item\">\n\t\t\t\t\t\t\t\t\t\t\t<a href=\"https:\/\/yurtdisiegitimdanismanligi.tr\/index.php\/yurtdisi-yatili-lise\">\n\n\t\t\t\t\t\t\t\t\t\t\t<span class=\"elementor-icon-list-text\">Yurtd\u0131\u015f\u0131 Yat\u0131l\u0131 Lise<\/span>\n\t\t\t\t\t\t\t\t\t\t\t<\/a>\n\t\t\t\t\t\t\t\t\t<\/li>\n\t\t\t\t\t\t\t\t<li class=\"elementor-icon-list-item\">\n\t\t\t\t\t\t\t\t\t\t\t<a href=\"https:\/\/yurtdisiegitimdanismanligi.tr\/index.php\/yurtdisi-yaz-okulu\">\n\n\t\t\t\t\t\t\t\t\t\t\t<span class=\"elementor-icon-list-text\">Yurtd\u0131\u015f\u0131 Yaz Okulu<\/span>\n\t\t\t\t\t\t\t\t\t\t\t<\/a>\n\t\t\t\t\t\t\t\t\t<\/li>\n\t\t\t\t\t\t<\/ul>\n\t\t\t\t\t\t<\/div>\n\t\t\t\t<div class=\"elementor-element elementor-element-5bc62d8e elementor-widget elementor-widget-image\" data-id=\"5bc62d8e\" data-element_type=\"widget\" data-e-type=\"widget\" data-widget_type=\"image.default\">\n\t\t\t\t\t\t\t\t\t\t\t\t\t\t\t<img decoding=\"async\" src=\"https:\/\/engitech.s3.us-east-1.amazonaws.com\/images\/Engitech_banner_Blog_Listing.jpg\" title=\"\" alt=\"\" loading=\"lazy\" \/>\t\t\t\t\t\t\t\t\t\t\t\t\t\t\t<\/div>\n\t\t\t\t\t<\/div>\n\t\t<\/div>\n\t\t\t\t\t<\/div>\n\t\t<\/section>\n\t\t\t\t\t<\/div>\n\t\t<\/div>\n\t\t\t\t\t<\/div>\n\t\t<\/section>\n\t\t\t\t<\/div>\n\t\t","protected":false},"excerpt":{"rendered":"<p>KLC Education Co. Ltd. ile Yurtd\u0131\u015f\u0131 Yat\u0131l\u0131 Lise Deneyimi KLC Education Co. Ltd. olarak \u00f6\u011frencilerimize yurtd\u0131\u015f\u0131nda yat\u0131l\u0131 lise e\u011fitimi f\u0131rsat\u0131 sunuyoruz. \u0130talya, \u0130ngiltere, Almanya, Kanada ve ABD ba\u015fta olmak \u00fczere bir\u00e7ok \u00fclkedeki prestijli okullar ile i\u015f birli\u011fi yaparak, gen\u00e7lerimizin uluslararas\u0131 standartlarda e\u011fitim almas\u0131n\u0131 sa\u011fl\u0131yoruz. Yurtd\u0131\u015f\u0131nda yat\u0131l\u0131 lise e\u011fitimi; \u00f6\u011frencilere yaln\u0131zca g\u00fc\u00e7l\u00fc bir akademik altyap\u0131 kazand\u0131rmakla [&hellip;]<\/p>\n","protected":false},"author":1,"featured_media":0,"parent":0,"menu_order":0,"comment_status":"closed","ping_status":"closed","template":"","meta":{"footnotes":""},"class_list":["post-5455","page","type-page","status-publish","hentry"],"yoast_head":"<!-- This site is optimized with the Yoast SEO plugin v27.3 - https:\/\/yoast.com\/product\/yoast-seo-wordpress\/ -->\n<title>Yurtd\u0131\u015f\u0131 Yat\u0131l\u0131 Lise - Yurtd\u0131\u015f\u0131 E\u011fitim Dan\u0131\u015fmanl\u0131\u011f\u0131<\/title>\n<meta name=\"robots\" content=\"index, follow, max-snippet:-1, max-image-preview:large, max-video-preview:-1\" \/>\n<link rel=\"canonical\" href=\"https:\/\/yurtdisiegitimdanismanligi.tr\/index.php\/yurtdisi-yatili-lise\/\" \/>\n<meta property=\"og:locale\" content=\"tr_TR\" \/>\n<meta property=\"og:type\" content=\"article\" \/>\n<meta property=\"og:title\" content=\"Yurtd\u0131\u015f\u0131 Yat\u0131l\u0131 Lise - Yurtd\u0131\u015f\u0131 E\u011fitim Dan\u0131\u015fmanl\u0131\u011f\u0131\" \/>\n<meta property=\"og:description\" content=\"KLC Education Co. Ltd. ile Yurtd\u0131\u015f\u0131 Yat\u0131l\u0131 Lise Deneyimi KLC Education Co. Ltd. olarak \u00f6\u011frencilerimize yurtd\u0131\u015f\u0131nda yat\u0131l\u0131 lise e\u011fitimi f\u0131rsat\u0131 sunuyoruz. \u0130talya, \u0130ngiltere, Almanya, Kanada ve ABD ba\u015fta olmak \u00fczere bir\u00e7ok \u00fclkedeki prestijli okullar ile i\u015f birli\u011fi yaparak, gen\u00e7lerimizin uluslararas\u0131 standartlarda e\u011fitim almas\u0131n\u0131 sa\u011fl\u0131yoruz. Yurtd\u0131\u015f\u0131nda yat\u0131l\u0131 lise e\u011fitimi; \u00f6\u011frencilere yaln\u0131zca g\u00fc\u00e7l\u00fc bir akademik altyap\u0131 kazand\u0131rmakla [&hellip;]\" \/>\n<meta property=\"og:url\" content=\"https:\/\/yurtdisiegitimdanismanligi.tr\/index.php\/yurtdisi-yatili-lise\/\" \/>\n<meta property=\"og:site_name\" content=\"Yurtd\u0131\u015f\u0131 E\u011fitim Dan\u0131\u015fmanl\u0131\u011f\u0131\" \/>\n<meta property=\"article:publisher\" content=\"https:\/\/www.instagram.com\/klccenter\" \/>\n<meta property=\"article:modified_time\" content=\"2025-10-06T21:27:06+00:00\" \/>\n<meta property=\"og:image\" content=\"http:\/\/yurtdisiegitimdanismanligi.tr\/wp-content\/uploads\/2025\/10\/yurtdisi-yatili-liseler-1024x302.jpg\" \/>\n<meta name=\"twitter:card\" content=\"summary_large_image\" \/>\n<meta name=\"twitter:label1\" content=\"Tahmini okuma s\u00fcresi\" \/>\n\t<meta name=\"twitter:data1\" content=\"2 dakika\" \/>\n<script type=\"application\/ld+json\" class=\"yoast-schema-graph\">{\"@context\":\"https:\\\/\\\/schema.org\",\"@graph\":[{\"@type\":\"WebPage\",\"@id\":\"https:\\\/\\\/yurtdisiegitimdanismanligi.tr\\\/index.php\\\/yurtdisi-yatili-lise\\\/\",\"url\":\"https:\\\/\\\/yurtdisiegitimdanismanligi.tr\\\/index.php\\\/yurtdisi-yatili-lise\\\/\",\"name\":\"Yurtd\u0131\u015f\u0131 Yat\u0131l\u0131 Lise - Yurtd\u0131\u015f\u0131 E\u011fitim Dan\u0131\u015fmanl\u0131\u011f\u0131\",\"isPartOf\":{\"@id\":\"https:\\\/\\\/yurtdisiegitimdanismanligi.tr\\\/#website\"},\"primaryImageOfPage\":{\"@id\":\"https:\\\/\\\/yurtdisiegitimdanismanligi.tr\\\/index.php\\\/yurtdisi-yatili-lise\\\/#primaryimage\"},\"image\":{\"@id\":\"https:\\\/\\\/yurtdisiegitimdanismanligi.tr\\\/index.php\\\/yurtdisi-yatili-lise\\\/#primaryimage\"},\"thumbnailUrl\":\"http:\\\/\\\/yurtdisiegitimdanismanligi.tr\\\/wp-content\\\/uploads\\\/2025\\\/10\\\/yurtdisi-yatili-liseler-1024x302.jpg\",\"datePublished\":\"2025-10-04T17:59:32+00:00\",\"dateModified\":\"2025-10-06T21:27:06+00:00\",\"breadcrumb\":{\"@id\":\"https:\\\/\\\/yurtdisiegitimdanismanligi.tr\\\/index.php\\\/yurtdisi-yatili-lise\\\/#breadcrumb\"},\"inLanguage\":\"tr\",\"potentialAction\":[{\"@type\":\"ReadAction\",\"target\":[\"https:\\\/\\\/yurtdisiegitimdanismanligi.tr\\\/index.php\\\/yurtdisi-yatili-lise\\\/\"]}]},{\"@type\":\"ImageObject\",\"inLanguage\":\"tr\",\"@id\":\"https:\\\/\\\/yurtdisiegitimdanismanligi.tr\\\/index.php\\\/yurtdisi-yatili-lise\\\/#primaryimage\",\"url\":\"https:\\\/\\\/yurtdisiegitimdanismanligi.tr\\\/wp-content\\\/uploads\\\/2025\\\/10\\\/yurtdisi-yatili-liseler.jpg\",\"contentUrl\":\"https:\\\/\\\/yurtdisiegitimdanismanligi.tr\\\/wp-content\\\/uploads\\\/2025\\\/10\\\/yurtdisi-yatili-liseler.jpg\",\"width\":1200,\"height\":354},{\"@type\":\"BreadcrumbList\",\"@id\":\"https:\\\/\\\/yurtdisiegitimdanismanligi.tr\\\/index.php\\\/yurtdisi-yatili-lise\\\/#breadcrumb\",\"itemListElement\":[{\"@type\":\"ListItem\",\"position\":1,\"name\":\"Anasayfa\",\"item\":\"https:\\\/\\\/yurtdisiegitimdanismanligi.tr\\\/\"},{\"@type\":\"ListItem\",\"position\":2,\"name\":\"Yurtd\u0131\u015f\u0131 Yat\u0131l\u0131 Lise\"}]},{\"@type\":\"WebSite\",\"@id\":\"https:\\\/\\\/yurtdisiegitimdanismanligi.tr\\\/#website\",\"url\":\"https:\\\/\\\/yurtdisiegitimdanismanligi.tr\\\/\",\"name\":\"Yurtd\u0131\u015f\u0131 E\u011fitim Dan\u0131\u015fmanl\u0131\u011f\u0131\",\"description\":\"Yurtd\u0131\u015f\u0131 \u00dcniversite ve Lise \",\"publisher\":{\"@id\":\"https:\\\/\\\/yurtdisiegitimdanismanligi.tr\\\/#organization\"},\"potentialAction\":[{\"@type\":\"SearchAction\",\"target\":{\"@type\":\"EntryPoint\",\"urlTemplate\":\"https:\\\/\\\/yurtdisiegitimdanismanligi.tr\\\/?s={search_term_string}\"},\"query-input\":{\"@type\":\"PropertyValueSpecification\",\"valueRequired\":true,\"valueName\":\"search_term_string\"}}],\"inLanguage\":\"tr\"},{\"@type\":\"Organization\",\"@id\":\"https:\\\/\\\/yurtdisiegitimdanismanligi.tr\\\/#organization\",\"name\":\"Yurtd\u0131\u015f\u0131 E\u011fitim Dan\u0131\u015fmanl\u0131\u011f\u0131\",\"url\":\"https:\\\/\\\/yurtdisiegitimdanismanligi.tr\\\/\",\"logo\":{\"@type\":\"ImageObject\",\"inLanguage\":\"tr\",\"@id\":\"https:\\\/\\\/yurtdisiegitimdanismanligi.tr\\\/#\\\/schema\\\/logo\\\/image\\\/\",\"url\":\"http:\\\/\\\/yurtdisiegitimdanismanligi.tr\\\/wp-content\\\/uploads\\\/2020\\\/09\\\/logo-1.svg\",\"contentUrl\":\"http:\\\/\\\/yurtdisiegitimdanismanligi.tr\\\/wp-content\\\/uploads\\\/2020\\\/09\\\/logo-1.svg\",\"width\":143,\"height\":40,\"caption\":\"Yurtd\u0131\u015f\u0131 E\u011fitim Dan\u0131\u015fmanl\u0131\u011f\u0131\"},\"image\":{\"@id\":\"https:\\\/\\\/yurtdisiegitimdanismanligi.tr\\\/#\\\/schema\\\/logo\\\/image\\\/\"},\"sameAs\":[\"https:\\\/\\\/www.instagram.com\\\/klccenter\"]}]}<\/script>\n<!-- \/ Yoast SEO plugin. -->","yoast_head_json":{"title":"Yurtd\u0131\u015f\u0131 Yat\u0131l\u0131 Lise - Yurtd\u0131\u015f\u0131 E\u011fitim Dan\u0131\u015fmanl\u0131\u011f\u0131","robots":{"index":"index","follow":"follow","max-snippet":"max-snippet:-1","max-image-preview":"max-image-preview:large","max-video-preview":"max-video-preview:-1"},"canonical":"https:\/\/yurtdisiegitimdanismanligi.tr\/index.php\/yurtdisi-yatili-lise\/","og_locale":"tr_TR","og_type":"article","og_title":"Yurtd\u0131\u015f\u0131 Yat\u0131l\u0131 Lise - Yurtd\u0131\u015f\u0131 E\u011fitim Dan\u0131\u015fmanl\u0131\u011f\u0131","og_description":"KLC Education Co. Ltd. ile Yurtd\u0131\u015f\u0131 Yat\u0131l\u0131 Lise Deneyimi KLC Education Co. Ltd. olarak \u00f6\u011frencilerimize yurtd\u0131\u015f\u0131nda yat\u0131l\u0131 lise e\u011fitimi f\u0131rsat\u0131 sunuyoruz. \u0130talya, \u0130ngiltere, Almanya, Kanada ve ABD ba\u015fta olmak \u00fczere bir\u00e7ok \u00fclkedeki prestijli okullar ile i\u015f birli\u011fi yaparak, gen\u00e7lerimizin uluslararas\u0131 standartlarda e\u011fitim almas\u0131n\u0131 sa\u011fl\u0131yoruz. Yurtd\u0131\u015f\u0131nda yat\u0131l\u0131 lise e\u011fitimi; \u00f6\u011frencilere yaln\u0131zca g\u00fc\u00e7l\u00fc bir akademik altyap\u0131 kazand\u0131rmakla [&hellip;]","og_url":"https:\/\/yurtdisiegitimdanismanligi.tr\/index.php\/yurtdisi-yatili-lise\/","og_site_name":"Yurtd\u0131\u015f\u0131 E\u011fitim Dan\u0131\u015fmanl\u0131\u011f\u0131","article_publisher":"https:\/\/www.instagram.com\/klccenter","article_modified_time":"2025-10-06T21:27:06+00:00","og_image":[{"url":"http:\/\/yurtdisiegitimdanismanligi.tr\/wp-content\/uploads\/2025\/10\/yurtdisi-yatili-liseler-1024x302.jpg","type":"","width":"","height":""}],"twitter_card":"summary_large_image","twitter_misc":{"Tahmini okuma s\u00fcresi":"2 dakika"},"schema":{"@context":"https:\/\/schema.org","@graph":[{"@type":"WebPage","@id":"https:\/\/yurtdisiegitimdanismanligi.tr\/index.php\/yurtdisi-yatili-lise\/","url":"https:\/\/yurtdisiegitimdanismanligi.tr\/index.php\/yurtdisi-yatili-lise\/","name":"Yurtd\u0131\u015f\u0131 Yat\u0131l\u0131 Lise - Yurtd\u0131\u015f\u0131 E\u011fitim Dan\u0131\u015fmanl\u0131\u011f\u0131","isPartOf":{"@id":"https:\/\/yurtdisiegitimdanismanligi.tr\/#website"},"primaryImageOfPage":{"@id":"https:\/\/yurtdisiegitimdanismanligi.tr\/index.php\/yurtdisi-yatili-lise\/#primaryimage"},"image":{"@id":"https:\/\/yurtdisiegitimdanismanligi.tr\/index.php\/yurtdisi-yatili-lise\/#primaryimage"},"thumbnailUrl":"http:\/\/yurtdisiegitimdanismanligi.tr\/wp-content\/uploads\/2025\/10\/yurtdisi-yatili-liseler-1024x302.jpg","datePublished":"2025-10-04T17:59:32+00:00","dateModified":"2025-10-06T21:27:06+00:00","breadcrumb":{"@id":"https:\/\/yurtdisiegitimdanismanligi.tr\/index.php\/yurtdisi-yatili-lise\/#breadcrumb"},"inLanguage":"tr","potentialAction":[{"@type":"ReadAction","target":["https:\/\/yurtdisiegitimdanismanligi.tr\/index.php\/yurtdisi-yatili-lise\/"]}]},{"@type":"ImageObject","inLanguage":"tr","@id":"https:\/\/yurtdisiegitimdanismanligi.tr\/index.php\/yurtdisi-yatili-lise\/#primaryimage","url":"https:\/\/yurtdisiegitimdanismanligi.tr\/wp-content\/uploads\/2025\/10\/yurtdisi-yatili-liseler.jpg","contentUrl":"https:\/\/yurtdisiegitimdanismanligi.tr\/wp-content\/uploads\/2025\/10\/yurtdisi-yatili-liseler.jpg","width":1200,"height":354},{"@type":"BreadcrumbList","@id":"https:\/\/yurtdisiegitimdanismanligi.tr\/index.php\/yurtdisi-yatili-lise\/#breadcrumb","itemListElement":[{"@type":"ListItem","position":1,"name":"Anasayfa","item":"https:\/\/yurtdisiegitimdanismanligi.tr\/"},{"@type":"ListItem","position":2,"name":"Yurtd\u0131\u015f\u0131 Yat\u0131l\u0131 Lise"}]},{"@type":"WebSite","@id":"https:\/\/yurtdisiegitimdanismanligi.tr\/#website","url":"https:\/\/yurtdisiegitimdanismanligi.tr\/","name":"Yurtd\u0131\u015f\u0131 E\u011fitim Dan\u0131\u015fmanl\u0131\u011f\u0131","description":"Yurtd\u0131\u015f\u0131 \u00dcniversite ve Lise ","publisher":{"@id":"https:\/\/yurtdisiegitimdanismanligi.tr\/#organization"},"potentialAction":[{"@type":"SearchAction","target":{"@type":"EntryPoint","urlTemplate":"https:\/\/yurtdisiegitimdanismanligi.tr\/?s={search_term_string}"},"query-input":{"@type":"PropertyValueSpecification","valueRequired":true,"valueName":"search_term_string"}}],"inLanguage":"tr"},{"@type":"Organization","@id":"https:\/\/yurtdisiegitimdanismanligi.tr\/#organization","name":"Yurtd\u0131\u015f\u0131 E\u011fitim Dan\u0131\u015fmanl\u0131\u011f\u0131","url":"https:\/\/yurtdisiegitimdanismanligi.tr\/","logo":{"@type":"ImageObject","inLanguage":"tr","@id":"https:\/\/yurtdisiegitimdanismanligi.tr\/#\/schema\/logo\/image\/","url":"http:\/\/yurtdisiegitimdanismanligi.tr\/wp-content\/uploads\/2020\/09\/logo-1.svg","contentUrl":"http:\/\/yurtdisiegitimdanismanligi.tr\/wp-content\/uploads\/2020\/09\/logo-1.svg","width":143,"height":40,"caption":"Yurtd\u0131\u015f\u0131 E\u011fitim Dan\u0131\u015fmanl\u0131\u011f\u0131"},"image":{"@id":"https:\/\/yurtdisiegitimdanismanligi.tr\/#\/schema\/logo\/image\/"},"sameAs":["https:\/\/www.instagram.com\/klccenter"]}]}},"_links":{"self":[{"href":"https:\/\/yurtdisiegitimdanismanligi.tr\/index.php\/wp-json\/wp\/v2\/pages\/5455","targetHints":{"allow":["GET"]}}],"collection":[{"href":"https:\/\/yurtdisiegitimdanismanligi.tr\/index.php\/wp-json\/wp\/v2\/pages"}],"about":[{"href":"https:\/\/yurtdisiegitimdanismanligi.tr\/index.php\/wp-json\/wp\/v2\/types\/page"}],"author":[{"embeddable":true,"href":"https:\/\/yurtdisiegitimdanismanligi.tr\/index.php\/wp-json\/wp\/v2\/users\/1"}],"replies":[{"embeddable":true,"href":"https:\/\/yurtdisiegitimdanismanligi.tr\/index.php\/wp-json\/wp\/v2\/comments?post=5455"}],"version-history":[{"count":19,"href":"https:\/\/yurtdisiegitimdanismanligi.tr\/index.php\/wp-json\/wp\/v2\/pages\/5455\/revisions"}],"predecessor-version":[{"id":6491,"href":"https:\/\/yurtdisiegitimdanismanligi.tr\/index.php\/wp-json\/wp\/v2\/pages\/5455\/revisions\/6491"}],"wp:attachment":[{"href":"https:\/\/yurtdisiegitimdanismanligi.tr\/index.php\/wp-json\/wp\/v2\/media?parent=5455"}],"curies":[{"name":"wp","href":"https:\/\/api.w.org\/{rel}","templated":true}]}}