{"id":1370,"date":"2020-01-02T09:28:08","date_gmt":"2020-01-02T09:28:08","guid":{"rendered":"http:\/\/wpdemo.archiwp.com\/engitech\/?page_id=1370"},"modified":"2025-12-10T01:13:17","modified_gmt":"2025-12-09T22:13:17","slug":"bilgi-ve-iletisim","status":"publish","type":"page","link":"https:\/\/yurtdisiegitimdanismanligi.tr\/index.php\/bilgi-ve-iletisim\/","title":{"rendered":"Bilgi ve \u0130leti\u015fim"},"content":{"rendered":"\t\t<div data-elementor-type=\"wp-page\" data-elementor-id=\"1370\" class=\"elementor elementor-1370\">\n\t\t\t\t\t\t<section class=\"elementor-section elementor-top-section elementor-element elementor-element-8c1b6b2 elementor-section-content-middle ot-traditional elementor-section-boxed elementor-section-height-default elementor-section-height-default\" data-id=\"8c1b6b2\" data-element_type=\"section\" data-e-type=\"section\">\n\t\t\t\t\t\t<div class=\"elementor-container elementor-column-gap-extended\">\n\t\t\t\t\t<div class=\"elementor-column elementor-col-50 elementor-top-column elementor-element elementor-element-8416bc3 ot-flex-column-vertical\" data-id=\"8416bc3\" data-element_type=\"column\" data-e-type=\"column\">\n\t\t\t<div class=\"elementor-widget-wrap elementor-element-populated\">\n\t\t\t\t\t\t<div class=\"elementor-element elementor-element-d735292 elementor-widget elementor-widget-iheading\" data-id=\"d735292\" data-element_type=\"widget\" data-e-type=\"widget\" data-widget_type=\"iheading.default\">\n\t\t\t\t<div class=\"elementor-widget-container\">\n\t\t\t\t\t\t\t<div class=\"ot-heading\">\r\n\t        \t            <span>\/\/ YURTDI\u015eI E\u011e\u0130T\u0130M DANI\u015eMANLI\u011eI<\/span>\r\n\t        <h2 class=\"main-heading\">\u0130leti\u015fim | \u0130rtibat<\/h2>\t    <\/div>\r\n\t    \t\t\t\t<\/div>\n\t\t\t\t<\/div>\n\t\t\t\t<div class=\"elementor-element elementor-element-d1b9e95 elementor-widget elementor-widget-text-editor\" data-id=\"d1b9e95\" data-element_type=\"widget\" data-e-type=\"widget\" data-widget_type=\"text-editor.default\">\n\t\t\t\t\t\t\t\t\t<p>\u0130leti\u015fim bilgilerimizden bizlere kolayl\u0131kla eri\u015febilirsiniz.<\/p>\t\t\t\t\t\t\t\t<\/div>\n\t\t\t\t<div class=\"elementor-element elementor-element-b59a336 elementor-widget elementor-widget-icontact_info\" data-id=\"b59a336\" data-element_type=\"widget\" data-e-type=\"widget\" data-widget_type=\"icontact_info.default\">\n\t\t\t\t<div class=\"elementor-widget-container\">\n\t\t\t\t\t\t\t\t\t\t    \t<div class=\"contact-info box-style1\">\r\n\t\t\t\t\t\t\t\t    <img decoding=\"async\" src=\"http:\/\/yurtdisiegitimdanismanligi.tr\/wp-content\/uploads\/2025\/10\/map.png\" alt=\"Bursa\">\t\t        \t\t\t        <div class=\"info-text\">\r\n\t\t\t        \t<h6>Bursa<\/h6>\r\n\t\t\t        \t<p>Adres: Bar\u0131\u015f Mahallesi \u0130kbal Sok. \u015eim\u015fek Sitesi A Blok No:1 Nil\u00fcfer\/Bursa<br>\nTel : +90 541 246 04 64<br>\nEmail: info@klcedu.org\n<\/p>\r\n\t\t\t        <\/div>\r\n\t\t\t    <\/div>\r\n\t\t    \t    \t\t\t\t<\/div>\n\t\t\t\t<\/div>\n\t\t\t\t<div class=\"elementor-element elementor-element-77da69e elementor-widget elementor-widget-icontact_info\" data-id=\"77da69e\" data-element_type=\"widget\" data-e-type=\"widget\" data-widget_type=\"icontact_info.default\">\n\t\t\t\t<div class=\"elementor-widget-container\">\n\t\t\t\t\t\t\t\t\t\t    \t<div class=\"contact-info box-style1\">\r\n\t\t\t\t\t\t\t\t    <img decoding=\"async\" src=\"http:\/\/yurtdisiegitimdanismanligi.tr\/wp-content\/uploads\/2025\/10\/map.png\" alt=\"\u0130ngiltere\">\t\t        \t\t\t        <div class=\"info-text\">\r\n\t\t\t        \t<h6>\u0130ngiltere<\/h6>\r\n\t\t\t        \t<p>Adres:  57 QUEENS GATE, London, United Kingdom  SW7 5JW<br>\nTel : +44 7597 252538<br>\nEmail: uk@klcedu.org\n<\/p>\r\n\t\t\t        <\/div>\r\n\t\t\t    <\/div>\r\n\t\t    \t    \t\t\t\t<\/div>\n\t\t\t\t<\/div>\n\t\t\t\t<div class=\"elementor-element elementor-element-f12ad82 elementor-widget elementor-widget-icontact_info\" data-id=\"f12ad82\" data-element_type=\"widget\" data-e-type=\"widget\" data-widget_type=\"icontact_info.default\">\n\t\t\t\t<div class=\"elementor-widget-container\">\n\t\t\t\t\t\t\t\t\t\t    \t<div class=\"contact-info box-style1\">\r\n\t\t\t\t\t\t\t\t    <img decoding=\"async\" src=\"http:\/\/yurtdisiegitimdanismanligi.tr\/wp-content\/uploads\/2025\/10\/map.png\" alt=\"Almanya\">\t\t        \t\t\t        <div class=\"info-text\">\r\n\t\t\t        \t<h6>Almanya<\/h6>\r\n\t\t\t        \t<p>Adres: Renteistra\u00dfe 6-8 \/ 33602 Bielefeld \/ Deutschland<br>\nTel : +49 1521 238 90 24<br>\nEmail: almanya@klcedu.org\n<\/p>\r\n\t\t\t        <\/div>\r\n\t\t\t    <\/div>\r\n\t\t    \t    \t\t\t\t<\/div>\n\t\t\t\t<\/div>\n\t\t\t\t<div class=\"elementor-element elementor-element-aa58804 elementor-widget elementor-widget-icontact_info\" data-id=\"aa58804\" data-element_type=\"widget\" data-e-type=\"widget\" data-widget_type=\"icontact_info.default\">\n\t\t\t\t<div class=\"elementor-widget-container\">\n\t\t\t\t\t\t\t\t\t\t    \t<div class=\"contact-info box-style1\">\r\n\t\t\t\t\t\t\t\t    <img decoding=\"async\" src=\"http:\/\/yurtdisiegitimdanismanligi.tr\/wp-content\/uploads\/2025\/10\/map.png\" alt=\"\u0130talya\">\t\t        \t\t\t        <div class=\"info-text\">\r\n\t\t\t        \t<h6>\u0130talya<\/h6>\r\n\t\t\t        \t<p>Adres: Via Paolo Paruta, 50 Padova (PD) 35126 Italia<br>\nTel : +39 347 483 23 45<br>\nEmail: italya@klcedu.org\n<\/p>\r\n\t\t\t        <\/div>\r\n\t\t\t    <\/div>\r\n\t\t    \t    \t\t\t\t<\/div>\n\t\t\t\t<\/div>\n\t\t\t\t<div class=\"elementor-element elementor-element-c737378 elementor-widget elementor-widget-icontact_info\" data-id=\"c737378\" data-element_type=\"widget\" data-e-type=\"widget\" data-widget_type=\"icontact_info.default\">\n\t\t\t\t<div class=\"elementor-widget-container\">\n\t\t\t\t\t\t\t\t\t\t    \t<div class=\"contact-info box-style1\">\r\n\t\t\t\t\t\t\t\t    <img decoding=\"async\" src=\"http:\/\/yurtdisiegitimdanismanligi.tr\/wp-content\/uploads\/2025\/10\/map.png\" alt=\"Prag\">\t\t        \t\t\t        <div class=\"info-text\">\r\n\t\t\t        \t<h6>Prag<\/h6>\r\n\t\t\t        \t<p>Adres: Prague, Na Po\u0159\u00ed\u010d\u00ed 1067\/25, 110 00 Praha 1-Nov\u00e9 M\u011bsto Czech Rebublic<br>\nTel : +420 777 455 855<br>\nEmail: prag@klcedu.org\n<\/p>\r\n\t\t\t        <\/div>\r\n\t\t\t    <\/div>\r\n\t\t    \t    \t\t\t\t<\/div>\n\t\t\t\t<\/div>\n\t\t\t\t\t<\/div>\n\t\t<\/div>\n\t\t\t\t<div class=\"elementor-column elementor-col-50 elementor-top-column elementor-element elementor-element-add1e18 ot-flex-column-vertical\" data-id=\"add1e18\" data-element_type=\"column\" data-e-type=\"column\">\n\t\t\t<div class=\"elementor-widget-wrap elementor-element-populated\">\n\t\t\t\t\t\t<div class=\"elementor-element elementor-element-5c60825 elementor-widget elementor-widget-shortcode\" data-id=\"5c60825\" data-element_type=\"widget\" data-e-type=\"widget\" data-widget_type=\"shortcode.default\">\n\t\t\t\t\t\t\t<div class=\"elementor-shortcode\">\n<div class=\"wpcf7 no-js\" id=\"wpcf7-f5392-o1\" lang=\"tr-TR\" dir=\"ltr\" data-wpcf7-id=\"5392\">\n<div class=\"screen-reader-response\"><p role=\"status\" aria-live=\"polite\" aria-atomic=\"true\"><\/p> <ul><\/ul><\/div>\n<form action=\"\/index.php\/wp-json\/wp\/v2\/pages\/1370#wpcf7-f5392-o1\" method=\"post\" class=\"wpcf7-form init\" aria-label=\"\u0130leti\u015fim Formu\" novalidate=\"novalidate\" data-status=\"init\">\n<fieldset class=\"hidden-fields-container\"><input type=\"hidden\" name=\"_wpcf7\" value=\"5392\" \/><input type=\"hidden\" name=\"_wpcf7_version\" value=\"6.1.5\" \/><input type=\"hidden\" name=\"_wpcf7_locale\" value=\"tr_TR\" \/><input type=\"hidden\" name=\"_wpcf7_unit_tag\" value=\"wpcf7-f5392-o1\" \/><input type=\"hidden\" name=\"_wpcf7_container_post\" value=\"0\" \/><input type=\"hidden\" name=\"_wpcf7_posted_data_hash\" value=\"\" \/>\n<\/fieldset>\n<p><label> Ad\u0131n\u0131z<br \/>\n<span class=\"wpcf7-form-control-wrap\" data-name=\"your-name\"><input size=\"40\" maxlength=\"400\" class=\"wpcf7-form-control wpcf7-text wpcf7-validates-as-required\" autocomplete=\"name\" aria-required=\"true\" aria-invalid=\"false\" value=\"\" type=\"text\" name=\"your-name\" \/><\/span> <\/label>\n<\/p>\n<p><label> E-posta adresiniz<br \/>\n<span class=\"wpcf7-form-control-wrap\" data-name=\"your-email\"><input size=\"40\" maxlength=\"400\" class=\"wpcf7-form-control wpcf7-email wpcf7-validates-as-required wpcf7-text wpcf7-validates-as-email\" autocomplete=\"email\" aria-required=\"true\" aria-invalid=\"false\" value=\"\" type=\"email\" name=\"your-email\" \/><\/span> <\/label>\n<\/p>\n<p><label> Konu<br \/>\n<span class=\"wpcf7-form-control-wrap\" data-name=\"your-subject\"><input size=\"40\" maxlength=\"400\" class=\"wpcf7-form-control wpcf7-text wpcf7-validates-as-required\" aria-required=\"true\" aria-invalid=\"false\" value=\"\" type=\"text\" name=\"your-subject\" \/><\/span> <\/label>\n<\/p>\n<p><label> \u0130letiniz (tercihe ba\u011fl\u0131)<br \/>\n<span class=\"wpcf7-form-control-wrap\" data-name=\"your-message\"><textarea cols=\"40\" rows=\"10\" maxlength=\"2000\" class=\"wpcf7-form-control wpcf7-textarea\" aria-invalid=\"false\" name=\"your-message\"><\/textarea><\/span> <\/label>\n<\/p>\n<p><input class=\"wpcf7-form-control wpcf7-submit has-spinner\" type=\"submit\" value=\"G\u00f6nder\" \/>\n<\/p><div class=\"wpcf7-response-output\" aria-hidden=\"true\"><\/div>\n<\/form>\n<\/div>\n<\/div>\n\t\t\t\t\t\t<\/div>\n\t\t\t\t\t<\/div>\n\t\t<\/div>\n\t\t\t\t\t<\/div>\n\t\t<\/section>\n\t\t\t\t<\/div>\n\t\t","protected":false},"excerpt":{"rendered":"<p>\/\/ YURTDI\u015eI E\u011e\u0130T\u0130M DANI\u015eMANLI\u011eI \u0130leti\u015fim | \u0130rtibat \u0130leti\u015fim bilgilerimizden bizlere kolayl\u0131kla eri\u015febilirsiniz. Bursa Adres: Bar\u0131\u015f Mahallesi \u0130kbal Sok. \u015eim\u015fek Sitesi A Blok No:1 Nil\u00fcfer\/Bursa Tel : +90 541 246 04 64 Email: info@klcedu.org \u0130ngiltere Adres: 57 QUEENS GATE, London, United Kingdom SW7 5JW Tel : +44 7597 252538 Email: uk@klcedu.org Almanya Adres: Renteistra\u00dfe 6-8 \/ [&hellip;]<\/p>\n","protected":false},"author":1,"featured_media":0,"parent":0,"menu_order":0,"comment_status":"closed","ping_status":"closed","template":"","meta":{"footnotes":""},"class_list":["post-1370","page","type-page","status-publish","hentry"],"yoast_head":"<!-- This site is optimized with the Yoast SEO plugin v27.3 - https:\/\/yoast.com\/product\/yoast-seo-wordpress\/ -->\n<title>Bilgi ve \u0130leti\u015fim - Yurtd\u0131\u015f\u0131 E\u011fitim Dan\u0131\u015fmanl\u0131\u011f\u0131<\/title>\n<meta name=\"robots\" content=\"index, follow, max-snippet:-1, max-image-preview:large, max-video-preview:-1\" \/>\n<link rel=\"canonical\" href=\"https:\/\/yurtdisiegitimdanismanligi.tr\/index.php\/bilgi-ve-iletisim\/\" \/>\n<meta property=\"og:locale\" content=\"tr_TR\" \/>\n<meta property=\"og:type\" content=\"article\" \/>\n<meta property=\"og:title\" content=\"Bilgi ve \u0130leti\u015fim - Yurtd\u0131\u015f\u0131 E\u011fitim Dan\u0131\u015fmanl\u0131\u011f\u0131\" \/>\n<meta property=\"og:description\" content=\"\/\/ YURTDI\u015eI E\u011e\u0130T\u0130M DANI\u015eMANLI\u011eI \u0130leti\u015fim | \u0130rtibat \u0130leti\u015fim bilgilerimizden bizlere kolayl\u0131kla eri\u015febilirsiniz. Bursa Adres: Bar\u0131\u015f Mahallesi \u0130kbal Sok. \u015eim\u015fek Sitesi A Blok No:1 Nil\u00fcfer\/Bursa Tel : +90 541 246 04 64 Email: info@klcedu.org \u0130ngiltere Adres: 57 QUEENS GATE, London, United Kingdom SW7 5JW Tel : +44 7597 252538 Email: uk@klcedu.org Almanya Adres: Renteistra\u00dfe 6-8 \/ [&hellip;]\" \/>\n<meta property=\"og:url\" content=\"https:\/\/yurtdisiegitimdanismanligi.tr\/index.php\/bilgi-ve-iletisim\/\" \/>\n<meta property=\"og:site_name\" content=\"Yurtd\u0131\u015f\u0131 E\u011fitim Dan\u0131\u015fmanl\u0131\u011f\u0131\" \/>\n<meta property=\"article:publisher\" content=\"https:\/\/www.instagram.com\/klccenter\" \/>\n<meta property=\"article:modified_time\" content=\"2025-12-09T22:13:17+00:00\" \/>\n<meta property=\"og:image\" content=\"http:\/\/yurtdisiegitimdanismanligi.tr\/wp-content\/uploads\/2025\/10\/map.png\" \/>\n<meta name=\"twitter:card\" content=\"summary_large_image\" \/>\n<meta name=\"twitter:label1\" content=\"Tahmini okuma s\u00fcresi\" \/>\n\t<meta name=\"twitter:data1\" content=\"2 dakika\" \/>\n<script type=\"application\/ld+json\" class=\"yoast-schema-graph\">{\"@context\":\"https:\\\/\\\/schema.org\",\"@graph\":[{\"@type\":\"WebPage\",\"@id\":\"https:\\\/\\\/yurtdisiegitimdanismanligi.tr\\\/index.php\\\/bilgi-ve-iletisim\\\/\",\"url\":\"https:\\\/\\\/yurtdisiegitimdanismanligi.tr\\\/index.php\\\/bilgi-ve-iletisim\\\/\",\"name\":\"Bilgi ve \u0130leti\u015fim - Yurtd\u0131\u015f\u0131 E\u011fitim Dan\u0131\u015fmanl\u0131\u011f\u0131\",\"isPartOf\":{\"@id\":\"https:\\\/\\\/yurtdisiegitimdanismanligi.tr\\\/#website\"},\"primaryImageOfPage\":{\"@id\":\"https:\\\/\\\/yurtdisiegitimdanismanligi.tr\\\/index.php\\\/bilgi-ve-iletisim\\\/#primaryimage\"},\"image\":{\"@id\":\"https:\\\/\\\/yurtdisiegitimdanismanligi.tr\\\/index.php\\\/bilgi-ve-iletisim\\\/#primaryimage\"},\"thumbnailUrl\":\"http:\\\/\\\/yurtdisiegitimdanismanligi.tr\\\/wp-content\\\/uploads\\\/2025\\\/10\\\/map.png\",\"datePublished\":\"2020-01-02T09:28:08+00:00\",\"dateModified\":\"2025-12-09T22:13:17+00:00\",\"breadcrumb\":{\"@id\":\"https:\\\/\\\/yurtdisiegitimdanismanligi.tr\\\/index.php\\\/bilgi-ve-iletisim\\\/#breadcrumb\"},\"inLanguage\":\"tr\",\"potentialAction\":[{\"@type\":\"ReadAction\",\"target\":[\"https:\\\/\\\/yurtdisiegitimdanismanligi.tr\\\/index.php\\\/bilgi-ve-iletisim\\\/\"]}]},{\"@type\":\"ImageObject\",\"inLanguage\":\"tr\",\"@id\":\"https:\\\/\\\/yurtdisiegitimdanismanligi.tr\\\/index.php\\\/bilgi-ve-iletisim\\\/#primaryimage\",\"url\":\"http:\\\/\\\/yurtdisiegitimdanismanligi.tr\\\/wp-content\\\/uploads\\\/2025\\\/10\\\/map.png\",\"contentUrl\":\"http:\\\/\\\/yurtdisiegitimdanismanligi.tr\\\/wp-content\\\/uploads\\\/2025\\\/10\\\/map.png\"},{\"@type\":\"BreadcrumbList\",\"@id\":\"https:\\\/\\\/yurtdisiegitimdanismanligi.tr\\\/index.php\\\/bilgi-ve-iletisim\\\/#breadcrumb\",\"itemListElement\":[{\"@type\":\"ListItem\",\"position\":1,\"name\":\"Anasayfa\",\"item\":\"https:\\\/\\\/yurtdisiegitimdanismanligi.tr\\\/\"},{\"@type\":\"ListItem\",\"position\":2,\"name\":\"Bilgi ve \u0130leti\u015fim\"}]},{\"@type\":\"WebSite\",\"@id\":\"https:\\\/\\\/yurtdisiegitimdanismanligi.tr\\\/#website\",\"url\":\"https:\\\/\\\/yurtdisiegitimdanismanligi.tr\\\/\",\"name\":\"Yurtd\u0131\u015f\u0131 E\u011fitim Dan\u0131\u015fmanl\u0131\u011f\u0131\",\"description\":\"Yurtd\u0131\u015f\u0131 \u00dcniversite ve Lise \",\"publisher\":{\"@id\":\"https:\\\/\\\/yurtdisiegitimdanismanligi.tr\\\/#organization\"},\"potentialAction\":[{\"@type\":\"SearchAction\",\"target\":{\"@type\":\"EntryPoint\",\"urlTemplate\":\"https:\\\/\\\/yurtdisiegitimdanismanligi.tr\\\/?s={search_term_string}\"},\"query-input\":{\"@type\":\"PropertyValueSpecification\",\"valueRequired\":true,\"valueName\":\"search_term_string\"}}],\"inLanguage\":\"tr\"},{\"@type\":\"Organization\",\"@id\":\"https:\\\/\\\/yurtdisiegitimdanismanligi.tr\\\/#organization\",\"name\":\"Yurtd\u0131\u015f\u0131 E\u011fitim Dan\u0131\u015fmanl\u0131\u011f\u0131\",\"url\":\"https:\\\/\\\/yurtdisiegitimdanismanligi.tr\\\/\",\"logo\":{\"@type\":\"ImageObject\",\"inLanguage\":\"tr\",\"@id\":\"https:\\\/\\\/yurtdisiegitimdanismanligi.tr\\\/#\\\/schema\\\/logo\\\/image\\\/\",\"url\":\"http:\\\/\\\/yurtdisiegitimdanismanligi.tr\\\/wp-content\\\/uploads\\\/2020\\\/09\\\/logo-1.svg\",\"contentUrl\":\"http:\\\/\\\/yurtdisiegitimdanismanligi.tr\\\/wp-content\\\/uploads\\\/2020\\\/09\\\/logo-1.svg\",\"width\":143,\"height\":40,\"caption\":\"Yurtd\u0131\u015f\u0131 E\u011fitim Dan\u0131\u015fmanl\u0131\u011f\u0131\"},\"image\":{\"@id\":\"https:\\\/\\\/yurtdisiegitimdanismanligi.tr\\\/#\\\/schema\\\/logo\\\/image\\\/\"},\"sameAs\":[\"https:\\\/\\\/www.instagram.com\\\/klccenter\"]}]}<\/script>\n<!-- \/ Yoast SEO plugin. -->","yoast_head_json":{"title":"Bilgi ve \u0130leti\u015fim - Yurtd\u0131\u015f\u0131 E\u011fitim Dan\u0131\u015fmanl\u0131\u011f\u0131","robots":{"index":"index","follow":"follow","max-snippet":"max-snippet:-1","max-image-preview":"max-image-preview:large","max-video-preview":"max-video-preview:-1"},"canonical":"https:\/\/yurtdisiegitimdanismanligi.tr\/index.php\/bilgi-ve-iletisim\/","og_locale":"tr_TR","og_type":"article","og_title":"Bilgi ve \u0130leti\u015fim - Yurtd\u0131\u015f\u0131 E\u011fitim Dan\u0131\u015fmanl\u0131\u011f\u0131","og_description":"\/\/ YURTDI\u015eI E\u011e\u0130T\u0130M DANI\u015eMANLI\u011eI \u0130leti\u015fim | \u0130rtibat \u0130leti\u015fim bilgilerimizden bizlere kolayl\u0131kla eri\u015febilirsiniz. Bursa Adres: Bar\u0131\u015f Mahallesi \u0130kbal Sok. \u015eim\u015fek Sitesi A Blok No:1 Nil\u00fcfer\/Bursa Tel : +90 541 246 04 64 Email: info@klcedu.org \u0130ngiltere Adres: 57 QUEENS GATE, London, United Kingdom SW7 5JW Tel : +44 7597 252538 Email: uk@klcedu.org Almanya Adres: Renteistra\u00dfe 6-8 \/ [&hellip;]","og_url":"https:\/\/yurtdisiegitimdanismanligi.tr\/index.php\/bilgi-ve-iletisim\/","og_site_name":"Yurtd\u0131\u015f\u0131 E\u011fitim Dan\u0131\u015fmanl\u0131\u011f\u0131","article_publisher":"https:\/\/www.instagram.com\/klccenter","article_modified_time":"2025-12-09T22:13:17+00:00","og_image":[{"url":"http:\/\/yurtdisiegitimdanismanligi.tr\/wp-content\/uploads\/2025\/10\/map.png","type":"","width":"","height":""}],"twitter_card":"summary_large_image","twitter_misc":{"Tahmini okuma s\u00fcresi":"2 dakika"},"schema":{"@context":"https:\/\/schema.org","@graph":[{"@type":"WebPage","@id":"https:\/\/yurtdisiegitimdanismanligi.tr\/index.php\/bilgi-ve-iletisim\/","url":"https:\/\/yurtdisiegitimdanismanligi.tr\/index.php\/bilgi-ve-iletisim\/","name":"Bilgi ve \u0130leti\u015fim - Yurtd\u0131\u015f\u0131 E\u011fitim Dan\u0131\u015fmanl\u0131\u011f\u0131","isPartOf":{"@id":"https:\/\/yurtdisiegitimdanismanligi.tr\/#website"},"primaryImageOfPage":{"@id":"https:\/\/yurtdisiegitimdanismanligi.tr\/index.php\/bilgi-ve-iletisim\/#primaryimage"},"image":{"@id":"https:\/\/yurtdisiegitimdanismanligi.tr\/index.php\/bilgi-ve-iletisim\/#primaryimage"},"thumbnailUrl":"http:\/\/yurtdisiegitimdanismanligi.tr\/wp-content\/uploads\/2025\/10\/map.png","datePublished":"2020-01-02T09:28:08+00:00","dateModified":"2025-12-09T22:13:17+00:00","breadcrumb":{"@id":"https:\/\/yurtdisiegitimdanismanligi.tr\/index.php\/bilgi-ve-iletisim\/#breadcrumb"},"inLanguage":"tr","potentialAction":[{"@type":"ReadAction","target":["https:\/\/yurtdisiegitimdanismanligi.tr\/index.php\/bilgi-ve-iletisim\/"]}]},{"@type":"ImageObject","inLanguage":"tr","@id":"https:\/\/yurtdisiegitimdanismanligi.tr\/index.php\/bilgi-ve-iletisim\/#primaryimage","url":"http:\/\/yurtdisiegitimdanismanligi.tr\/wp-content\/uploads\/2025\/10\/map.png","contentUrl":"http:\/\/yurtdisiegitimdanismanligi.tr\/wp-content\/uploads\/2025\/10\/map.png"},{"@type":"BreadcrumbList","@id":"https:\/\/yurtdisiegitimdanismanligi.tr\/index.php\/bilgi-ve-iletisim\/#breadcrumb","itemListElement":[{"@type":"ListItem","position":1,"name":"Anasayfa","item":"https:\/\/yurtdisiegitimdanismanligi.tr\/"},{"@type":"ListItem","position":2,"name":"Bilgi ve \u0130leti\u015fim"}]},{"@type":"WebSite","@id":"https:\/\/yurtdisiegitimdanismanligi.tr\/#website","url":"https:\/\/yurtdisiegitimdanismanligi.tr\/","name":"Yurtd\u0131\u015f\u0131 E\u011fitim Dan\u0131\u015fmanl\u0131\u011f\u0131","description":"Yurtd\u0131\u015f\u0131 \u00dcniversite ve Lise ","publisher":{"@id":"https:\/\/yurtdisiegitimdanismanligi.tr\/#organization"},"potentialAction":[{"@type":"SearchAction","target":{"@type":"EntryPoint","urlTemplate":"https:\/\/yurtdisiegitimdanismanligi.tr\/?s={search_term_string}"},"query-input":{"@type":"PropertyValueSpecification","valueRequired":true,"valueName":"search_term_string"}}],"inLanguage":"tr"},{"@type":"Organization","@id":"https:\/\/yurtdisiegitimdanismanligi.tr\/#organization","name":"Yurtd\u0131\u015f\u0131 E\u011fitim Dan\u0131\u015fmanl\u0131\u011f\u0131","url":"https:\/\/yurtdisiegitimdanismanligi.tr\/","logo":{"@type":"ImageObject","inLanguage":"tr","@id":"https:\/\/yurtdisiegitimdanismanligi.tr\/#\/schema\/logo\/image\/","url":"http:\/\/yurtdisiegitimdanismanligi.tr\/wp-content\/uploads\/2020\/09\/logo-1.svg","contentUrl":"http:\/\/yurtdisiegitimdanismanligi.tr\/wp-content\/uploads\/2020\/09\/logo-1.svg","width":143,"height":40,"caption":"Yurtd\u0131\u015f\u0131 E\u011fitim Dan\u0131\u015fmanl\u0131\u011f\u0131"},"image":{"@id":"https:\/\/yurtdisiegitimdanismanligi.tr\/#\/schema\/logo\/image\/"},"sameAs":["https:\/\/www.instagram.com\/klccenter"]}]}},"_links":{"self":[{"href":"https:\/\/yurtdisiegitimdanismanligi.tr\/index.php\/wp-json\/wp\/v2\/pages\/1370","targetHints":{"allow":["GET"]}}],"collection":[{"href":"https:\/\/yurtdisiegitimdanismanligi.tr\/index.php\/wp-json\/wp\/v2\/pages"}],"about":[{"href":"https:\/\/yurtdisiegitimdanismanligi.tr\/index.php\/wp-json\/wp\/v2\/types\/page"}],"author":[{"embeddable":true,"href":"https:\/\/yurtdisiegitimdanismanligi.tr\/index.php\/wp-json\/wp\/v2\/users\/1"}],"replies":[{"embeddable":true,"href":"https:\/\/yurtdisiegitimdanismanligi.tr\/index.php\/wp-json\/wp\/v2\/comments?post=1370"}],"version-history":[{"count":8,"href":"https:\/\/yurtdisiegitimdanismanligi.tr\/index.php\/wp-json\/wp\/v2\/pages\/1370\/revisions"}],"predecessor-version":[{"id":9272,"href":"https:\/\/yurtdisiegitimdanismanligi.tr\/index.php\/wp-json\/wp\/v2\/pages\/1370\/revisions\/9272"}],"wp:attachment":[{"href":"https:\/\/yurtdisiegitimdanismanligi.tr\/index.php\/wp-json\/wp\/v2\/media?parent=1370"}],"curies":[{"name":"wp","href":"https:\/\/api.w.org\/{rel}","templated":true}]}}